{"id":81,"date":"2023-05-28T00:29:22","date_gmt":"2023-05-28T03:29:22","guid":{"rendered":"https:\/\/abcdoinvestidor.com\/?page_id=81"},"modified":"2023-06-29T14:22:14","modified_gmt":"2023-06-29T17:22:14","slug":"universo-escolar","status":"publish","type":"page","link":"https:\/\/abcdoinvestidor.com\/index.php\/universo-escolar\/","title":{"rendered":"MATEM\u00c1TICA"},"content":{"rendered":"\t\t<div data-elementor-type=\"wp-page\" data-elementor-id=\"81\" class=\"elementor elementor-81\">\n\t\t\t\t\t\t<section class=\"elementor-section elementor-top-section elementor-element elementor-element-1588923 elementor-section-boxed elementor-section-height-default elementor-section-height-default\" data-id=\"1588923\" data-element_type=\"section\" data-e-type=\"section\">\n\t\t\t\t\t\t<div class=\"elementor-container elementor-column-gap-default\">\n\t\t\t\t\t<div class=\"elementor-column elementor-col-50 elementor-top-column elementor-element elementor-element-ac8c338\" data-id=\"ac8c338\" data-element_type=\"column\" data-e-type=\"column\">\n\t\t\t<div class=\"elementor-widget-wrap elementor-element-populated\">\n\t\t\t\t\t\t<div class=\"elementor-element elementor-element-3eb7bf1 elementor-widget elementor-widget-image\" data-id=\"3eb7bf1\" data-element_type=\"widget\" data-e-type=\"widget\" data-widget_type=\"image.default\">\n\t\t\t\t<div class=\"elementor-widget-container\">\n\t\t\t\t\t\t\t\t\t\t\t\t\t\t\t<img fetchpriority=\"high\" decoding=\"async\" width=\"800\" height=\"491\" src=\"https:\/\/abcdoinvestidor.com\/wp-content\/uploads\/2023\/06\/IMG_1258-1024x629.jpeg\" class=\"attachment-large size-large wp-image-422\" alt=\"\" srcset=\"https:\/\/abcdoinvestidor.com\/wp-content\/uploads\/2023\/06\/IMG_1258-1024x629.jpeg 1024w, https:\/\/abcdoinvestidor.com\/wp-content\/uploads\/2023\/06\/IMG_1258-300x184.jpeg 300w, https:\/\/abcdoinvestidor.com\/wp-content\/uploads\/2023\/06\/IMG_1258-768x472.jpeg 768w, https:\/\/abcdoinvestidor.com\/wp-content\/uploads\/2023\/06\/IMG_1258.jpeg 1158w\" sizes=\"(max-width: 800px) 100vw, 800px\" \/>\t\t\t\t\t\t\t\t\t\t\t\t\t\t\t<\/div>\n\t\t\t\t<\/div>\n\t\t\t\t<div class=\"elementor-element elementor-element-65dc035 elementor-widget elementor-widget-text-editor\" data-id=\"65dc035\" data-element_type=\"widget\" data-e-type=\"widget\" data-widget_type=\"text-editor.default\">\n\t\t\t\t<div class=\"elementor-widget-container\">\n\t\t\t\t\t\t\t\t\t<h4><strong>Dominando Fra\u00e7\u00f5es<\/strong><\/h4><h6><strong>Neste post iremos aprender mais sobre fra\u00e7\u00f5es. No mundo dos concursos, o conhecimento s\u00f3lido em matem\u00e1tica \u00a0\u00e9 uma habilidade essencial.\u00a0<\/strong><\/h6>\t\t\t\t\t\t\t\t<\/div>\n\t\t\t\t<\/div>\n\t\t\t\t<div class=\"elementor-element elementor-element-34f0ed6 elementor-widget elementor-widget-button\" data-id=\"34f0ed6\" data-element_type=\"widget\" data-e-type=\"widget\" data-widget_type=\"button.default\">\n\t\t\t\t<div class=\"elementor-widget-container\">\n\t\t\t\t\t\t\t\t\t<div class=\"elementor-button-wrapper\">\n\t\t\t\t\t<a class=\"elementor-button elementor-button-link elementor-size-sm\" href=\"https:\/\/abcdoinvestidor.com\/index.php\/2023\/06\/03\/elementor-314\/\">\n\t\t\t\t\t\t<span class=\"elementor-button-content-wrapper\">\n\t\t\t\t\t\t\t\t\t<span class=\"elementor-button-text\">continue lendo<\/span>\n\t\t\t\t\t<\/span>\n\t\t\t\t\t<\/a>\n\t\t\t\t<\/div>\n\t\t\t\t\t\t\t\t<\/div>\n\t\t\t\t<\/div>\n\t\t\t\t\t<\/div>\n\t\t<\/div>\n\t\t\t\t<div class=\"elementor-column elementor-col-50 elementor-top-column elementor-element elementor-element-70e73ad\" data-id=\"70e73ad\" data-element_type=\"column\" data-e-type=\"column\">\n\t\t\t<div class=\"elementor-widget-wrap elementor-element-populated\">\n\t\t\t\t\t\t<div class=\"elementor-element elementor-element-bf442d6 elementor-widget elementor-widget-image\" data-id=\"bf442d6\" data-element_type=\"widget\" data-e-type=\"widget\" data-widget_type=\"image.default\">\n\t\t\t\t<div class=\"elementor-widget-container\">\n\t\t\t\t\t\t\t\t\t\t\t\t\t\t\t<img decoding=\"async\" width=\"800\" height=\"347\" src=\"https:\/\/abcdoinvestidor.com\/wp-content\/uploads\/2023\/06\/CAPA-CONJUNTOS.png\" class=\"attachment-large size-large wp-image-1067\" alt=\"\" srcset=\"https:\/\/abcdoinvestidor.com\/wp-content\/uploads\/2023\/06\/CAPA-CONJUNTOS.png 883w, https:\/\/abcdoinvestidor.com\/wp-content\/uploads\/2023\/06\/CAPA-CONJUNTOS-300x130.png 300w, https:\/\/abcdoinvestidor.com\/wp-content\/uploads\/2023\/06\/CAPA-CONJUNTOS-768x333.png 768w\" sizes=\"(max-width: 800px) 100vw, 800px\" \/>\t\t\t\t\t\t\t\t\t\t\t\t\t\t\t<\/div>\n\t\t\t\t<\/div>\n\t\t\t\t<div class=\"elementor-element elementor-element-0d8705a elementor-widget elementor-widget-text-editor\" data-id=\"0d8705a\" data-element_type=\"widget\" data-e-type=\"widget\" data-widget_type=\"text-editor.default\">\n\t\t\t\t<div class=\"elementor-widget-container\">\n\t\t\t\t\t\t\t\t\t<h4><strong>CONJUNTOS NUM\u00c9RICOS<\/strong><\/h4><h6><strong>Aprenda mais sobre conjuntos neste artigo e assista uma aula no final onde o material did\u00e1tico estar\u00e1 dispon\u00edvel para voc\u00ea baixar em PowerPoint<\/strong><\/h6>\t\t\t\t\t\t\t\t<\/div>\n\t\t\t\t<\/div>\n\t\t\t\t<div class=\"elementor-element elementor-element-8e8839e elementor-widget elementor-widget-button\" data-id=\"8e8839e\" data-element_type=\"widget\" data-e-type=\"widget\" data-widget_type=\"button.default\">\n\t\t\t\t<div class=\"elementor-widget-container\">\n\t\t\t\t\t\t\t\t\t<div class=\"elementor-button-wrapper\">\n\t\t\t\t\t<a class=\"elementor-button elementor-button-link elementor-size-sm\" href=\"https:\/\/abcdoinvestidor.com\/index.php\/2023\/06\/28\/desbravando-a-matematica-explorando-os-conjuntos-numericos\/\">\n\t\t\t\t\t\t<span class=\"elementor-button-content-wrapper\">\n\t\t\t\t\t\t\t\t\t<span class=\"elementor-button-text\">Continue lendo<\/span>\n\t\t\t\t\t<\/span>\n\t\t\t\t\t<\/a>\n\t\t\t\t<\/div>\n\t\t\t\t\t\t\t\t<\/div>\n\t\t\t\t<\/div>\n\t\t\t\t\t<\/div>\n\t\t<\/div>\n\t\t\t\t\t<\/div>\n\t\t<\/section>\n\t\t\t\t<section class=\"elementor-section elementor-top-section elementor-element elementor-element-c416fd0 elementor-section-boxed elementor-section-height-default elementor-section-height-default\" data-id=\"c416fd0\" data-element_type=\"section\" data-e-type=\"section\">\n\t\t\t\t\t\t<div class=\"elementor-container elementor-column-gap-default\">\n\t\t\t\t\t<div class=\"elementor-column elementor-col-33 elementor-top-column elementor-element elementor-element-e026926\" data-id=\"e026926\" data-element_type=\"column\" data-e-type=\"column\">\n\t\t\t<div class=\"elementor-widget-wrap elementor-element-populated\">\n\t\t\t\t\t\t<div class=\"elementor-element elementor-element-9d7d493 elementor-widget elementor-widget-image\" data-id=\"9d7d493\" data-element_type=\"widget\" data-e-type=\"widget\" data-widget_type=\"image.default\">\n\t\t\t\t<div class=\"elementor-widget-container\">\n\t\t\t\t\t\t\t\t\t\t\t\t\t\t\t<img decoding=\"async\" width=\"2048\" height=\"1021\" src=\"https:\/\/abcdoinvestidor.com\/wp-content\/uploads\/2023\/05\/permutation-2048x1021.webp\" class=\"attachment-2048x2048 size-2048x2048 wp-image-257\" alt=\"\" srcset=\"https:\/\/abcdoinvestidor.com\/wp-content\/uploads\/2023\/05\/permutation-2048x1021.webp 2048w, https:\/\/abcdoinvestidor.com\/wp-content\/uploads\/2023\/05\/permutation-300x150.webp 300w, https:\/\/abcdoinvestidor.com\/wp-content\/uploads\/2023\/05\/permutation-1024x511.webp 1024w, https:\/\/abcdoinvestidor.com\/wp-content\/uploads\/2023\/05\/permutation-768x383.webp 768w, https:\/\/abcdoinvestidor.com\/wp-content\/uploads\/2023\/05\/permutation-1536x766.webp 1536w\" sizes=\"(max-width: 2048px) 100vw, 2048px\" \/>\t\t\t\t\t\t\t\t\t\t\t\t\t\t\t<\/div>\n\t\t\t\t<\/div>\n\t\t\t\t<div class=\"elementor-element elementor-element-11d88aa elementor-widget__width-initial elementor-widget elementor-widget-text-editor\" data-id=\"11d88aa\" data-element_type=\"widget\" data-e-type=\"widget\" data-widget_type=\"text-editor.default\">\n\t\t\t\t<div class=\"elementor-widget-container\">\n\t\t\t\t\t\t\t\t\t<p><strong>Na matem\u00e1tica, uma permuta\u00e7\u00e3o \u00e9 uma reorganiza\u00e7\u00e3o dos elementos de um conjunto de maneiras espec\u00edficas.\u00a0<\/strong><\/p>\t\t\t\t\t\t\t\t<\/div>\n\t\t\t\t<\/div>\n\t\t\t\t<div class=\"elementor-element elementor-element-02db3fa elementor-widget elementor-widget-button\" data-id=\"02db3fa\" data-element_type=\"widget\" data-e-type=\"widget\" data-widget_type=\"button.default\">\n\t\t\t\t<div class=\"elementor-widget-container\">\n\t\t\t\t\t\t\t\t\t<div class=\"elementor-button-wrapper\">\n\t\t\t\t\t<a class=\"elementor-button elementor-button-link elementor-size-xs\" href=\"https:\/\/abcdoinvestidor.com\/index.php\/2023\/05\/30\/permutacao\/\">\n\t\t\t\t\t\t<span class=\"elementor-button-content-wrapper\">\n\t\t\t\t\t\t\t\t\t<span class=\"elementor-button-text\">Clique aqui<\/span>\n\t\t\t\t\t<\/span>\n\t\t\t\t\t<\/a>\n\t\t\t\t<\/div>\n\t\t\t\t\t\t\t\t<\/div>\n\t\t\t\t<\/div>\n\t\t\t\t\t<\/div>\n\t\t<\/div>\n\t\t\t\t<div class=\"elementor-column elementor-col-33 elementor-top-column elementor-element elementor-element-4050530\" data-id=\"4050530\" data-element_type=\"column\" data-e-type=\"column\">\n\t\t\t<div class=\"elementor-widget-wrap elementor-element-populated\">\n\t\t\t\t\t\t<div class=\"elementor-element elementor-element-334c057 elementor-widget elementor-widget-image\" data-id=\"334c057\" data-element_type=\"widget\" data-e-type=\"widget\" data-widget_type=\"image.default\">\n\t\t\t\t<div class=\"elementor-widget-container\">\n\t\t\t\t\t\t\t\t\t\t\t\t\t\t\t<img loading=\"lazy\" decoding=\"async\" width=\"320\" height=\"180\" src=\"https:\/\/abcdoinvestidor.com\/wp-content\/uploads\/2023\/05\/sistemas.jpg\" class=\"attachment-large size-large wp-image-274\" alt=\"\" srcset=\"https:\/\/abcdoinvestidor.com\/wp-content\/uploads\/2023\/05\/sistemas.jpg 320w, https:\/\/abcdoinvestidor.com\/wp-content\/uploads\/2023\/05\/sistemas-300x169.jpg 300w\" sizes=\"(max-width: 320px) 100vw, 320px\" \/>\t\t\t\t\t\t\t\t\t\t\t\t\t\t\t<\/div>\n\t\t\t\t<\/div>\n\t\t\t\t<div class=\"elementor-element elementor-element-43202b5 elementor-widget elementor-widget-heading\" data-id=\"43202b5\" data-element_type=\"widget\" data-e-type=\"widget\" data-widget_type=\"heading.default\">\n\t\t\t\t<div class=\"elementor-widget-container\">\n\t\t\t\t\t<h2 class=\"elementor-heading-title elementor-size-default\">O que \u00e9 um sistema com duas equa\u00e7\u00f5es?<\/h2>\t\t\t\t<\/div>\n\t\t\t\t<\/div>\n\t\t\t\t<div class=\"elementor-element elementor-element-d29c88d elementor-widget elementor-widget-text-editor\" data-id=\"d29c88d\" data-element_type=\"widget\" data-e-type=\"widget\" data-widget_type=\"text-editor.default\">\n\t\t\t\t<div class=\"elementor-widget-container\">\n\t\t\t\t\t\t\t\t\t<p><strong>Um sistema de duas equa\u00e7\u00f5es \u00e9 um conjunto de duas equa\u00e7\u00f5es que devem ser resolvidas simultaneamente.<\/strong><\/p>\t\t\t\t\t\t\t\t<\/div>\n\t\t\t\t<\/div>\n\t\t\t\t<div class=\"elementor-element elementor-element-d16a2fd elementor-widget elementor-widget-button\" data-id=\"d16a2fd\" data-element_type=\"widget\" data-e-type=\"widget\" data-widget_type=\"button.default\">\n\t\t\t\t<div class=\"elementor-widget-container\">\n\t\t\t\t\t\t\t\t\t<div class=\"elementor-button-wrapper\">\n\t\t\t\t\t<a class=\"elementor-button elementor-button-link elementor-size-xs\" href=\"https:\/\/abcdoinvestidor.com\/index.php\/2023\/05\/30\/sistemas-de-equacoes-com-duas-incognitas\/\">\n\t\t\t\t\t\t<span class=\"elementor-button-content-wrapper\">\n\t\t\t\t\t\t\t\t\t<span class=\"elementor-button-text\">Clique aqui<\/span>\n\t\t\t\t\t<\/span>\n\t\t\t\t\t<\/a>\n\t\t\t\t<\/div>\n\t\t\t\t\t\t\t\t<\/div>\n\t\t\t\t<\/div>\n\t\t\t\t\t<\/div>\n\t\t<\/div>\n\t\t\t\t<div class=\"elementor-column elementor-col-33 elementor-top-column elementor-element elementor-element-b2e318a\" data-id=\"b2e318a\" data-element_type=\"column\" data-e-type=\"column\">\n\t\t\t<div class=\"elementor-widget-wrap\">\n\t\t\t\t\t\t\t<\/div>\n\t\t<\/div>\n\t\t\t\t\t<\/div>\n\t\t<\/section>\n\t\t\t\t<section class=\"elementor-section elementor-top-section elementor-element elementor-element-caa2a8b elementor-section-boxed elementor-section-height-default elementor-section-height-default\" data-id=\"caa2a8b\" data-element_type=\"section\" data-e-type=\"section\">\n\t\t\t\t\t\t<div class=\"elementor-container elementor-column-gap-default\">\n\t\t\t\t\t<div class=\"elementor-column elementor-col-50 elementor-top-column elementor-element elementor-element-892a04c\" data-id=\"892a04c\" data-element_type=\"column\" data-e-type=\"column\">\n\t\t\t<div class=\"elementor-widget-wrap elementor-element-populated\">\n\t\t\t\t\t\t<div class=\"elementor-element elementor-element-2d8ea3b elementor-widget elementor-widget-image\" data-id=\"2d8ea3b\" data-element_type=\"widget\" data-e-type=\"widget\" data-widget_type=\"image.default\">\n\t\t\t\t<div class=\"elementor-widget-container\">\n\t\t\t\t\t\t\t\t\t\t\t\t\t\t\t<img loading=\"lazy\" decoding=\"async\" width=\"608\" height=\"403\" src=\"https:\/\/abcdoinvestidor.com\/wp-content\/uploads\/2023\/05\/DIVISAO-DE-POLINOMIOS.png\" class=\"attachment-large size-large wp-image-347\" alt=\"\" srcset=\"https:\/\/abcdoinvestidor.com\/wp-content\/uploads\/2023\/05\/DIVISAO-DE-POLINOMIOS.png 608w, https:\/\/abcdoinvestidor.com\/wp-content\/uploads\/2023\/05\/DIVISAO-DE-POLINOMIOS-300x199.png 300w\" sizes=\"(max-width: 608px) 100vw, 608px\" \/>\t\t\t\t\t\t\t\t\t\t\t\t\t\t\t<\/div>\n\t\t\t\t<\/div>\n\t\t\t\t<div class=\"elementor-element elementor-element-ebe908f elementor-widget elementor-widget-text-editor\" data-id=\"ebe908f\" data-element_type=\"widget\" data-e-type=\"widget\" data-widget_type=\"text-editor.default\">\n\t\t\t\t<div class=\"elementor-widget-container\">\n\t\t\t\t\t\t\t\t\t<h4><strong>Vamos estudar e aprender como dividimos os polin\u00f4mios.<\/strong><\/h4>\t\t\t\t\t\t\t\t<\/div>\n\t\t\t\t<\/div>\n\t\t\t\t<div class=\"elementor-element elementor-element-7c7dd76 elementor-widget elementor-widget-button\" data-id=\"7c7dd76\" data-element_type=\"widget\" data-e-type=\"widget\" data-widget_type=\"button.default\">\n\t\t\t\t<div class=\"elementor-widget-container\">\n\t\t\t\t\t\t\t\t\t<div class=\"elementor-button-wrapper\">\n\t\t\t\t\t<a class=\"elementor-button elementor-button-link elementor-size-xs\" href=\"https:\/\/abcdoinvestidor.com\/index.php\/2023\/05\/31\/divisao-de-polinomios\/\">\n\t\t\t\t\t\t<span class=\"elementor-button-content-wrapper\">\n\t\t\t\t\t\t\t\t\t<span class=\"elementor-button-text\">Clique aqui<\/span>\n\t\t\t\t\t<\/span>\n\t\t\t\t\t<\/a>\n\t\t\t\t<\/div>\n\t\t\t\t\t\t\t\t<\/div>\n\t\t\t\t<\/div>\n\t\t\t\t\t<\/div>\n\t\t<\/div>\n\t\t\t\t<div class=\"elementor-column elementor-col-50 elementor-top-column elementor-element elementor-element-26d871f\" data-id=\"26d871f\" data-element_type=\"column\" data-e-type=\"column\">\n\t\t\t<div class=\"elementor-widget-wrap\">\n\t\t\t\t\t\t\t<\/div>\n\t\t<\/div>\n\t\t\t\t\t<\/div>\n\t\t<\/section>\n\t\t\t\t<section class=\"elementor-section elementor-top-section elementor-element elementor-element-6cd8a33 elementor-section-boxed elementor-section-height-default elementor-section-height-default\" data-id=\"6cd8a33\" data-element_type=\"section\" data-e-type=\"section\">\n\t\t\t\t\t\t<div class=\"elementor-container elementor-column-gap-default\">\n\t\t\t\t\t<div class=\"elementor-column elementor-col-100 elementor-top-column elementor-element elementor-element-fe21f58\" data-id=\"fe21f58\" data-element_type=\"column\" data-e-type=\"column\">\n\t\t\t<div class=\"elementor-widget-wrap\">\n\t\t\t\t\t\t\t<\/div>\n\t\t<\/div>\n\t\t\t\t\t<\/div>\n\t\t<\/section>\n\t\t\t\t<\/div>\n\t\t","protected":false},"excerpt":{"rendered":"<p>Dominando Fra\u00e7\u00f5es Neste post iremos aprender mais sobre fra\u00e7\u00f5es. No mundo dos concursos, o conhecimento s\u00f3lido em matem\u00e1tica \u00a0\u00e9 uma<\/p>\n","protected":false},"author":1,"featured_media":0,"parent":0,"menu_order":0,"comment_status":"closed","ping_status":"closed","template":"","meta":{"colormag_page_container_layout":"default_layout","colormag_page_sidebar_layout":"default_layout","footnotes":""},"class_list":["post-81","page","type-page","status-publish","hentry"],"yoast_head":"<!-- This site is optimized with the Yoast SEO plugin v27.4 - https:\/\/yoast.com\/product\/yoast-seo-wordpress\/ -->\n<title>MATEM\u00c1TICA - UNIVERSO ESCOLAR<\/title>\n<meta name=\"robots\" content=\"index, follow, max-snippet:-1, max-image-preview:large, max-video-preview:-1\" \/>\n<link rel=\"canonical\" href=\"https:\/\/abcdoinvestidor.com\/index.php\/universo-escolar\/\" \/>\n<meta property=\"og:locale\" content=\"pt_BR\" \/>\n<meta property=\"og:type\" content=\"article\" \/>\n<meta property=\"og:title\" content=\"MATEM\u00c1TICA - UNIVERSO ESCOLAR\" \/>\n<meta property=\"og:description\" content=\"Dominando Fra\u00e7\u00f5es Neste post iremos aprender mais sobre fra\u00e7\u00f5es. No mundo dos concursos, o conhecimento s\u00f3lido em matem\u00e1tica \u00a0\u00e9 uma\" \/>\n<meta property=\"og:url\" content=\"https:\/\/abcdoinvestidor.com\/index.php\/universo-escolar\/\" \/>\n<meta property=\"og:site_name\" content=\"UNIVERSO ESCOLAR\" \/>\n<meta property=\"article:publisher\" content=\"https:\/\/web.facebook.com\/abcdoinvestidorb3\" \/>\n<meta property=\"article:modified_time\" content=\"2023-06-29T17:22:14+00:00\" \/>\n<meta property=\"og:image\" content=\"https:\/\/abcdoinvestidor.com\/wp-content\/uploads\/2023\/06\/IMG_1258-1024x629.jpeg\" \/>\n<meta name=\"twitter:card\" content=\"summary_large_image\" \/>\n<meta name=\"twitter:label1\" content=\"Est. tempo de leitura\" \/>\n\t<meta name=\"twitter:data1\" content=\"2 minutos\" \/>\n<script type=\"application\/ld+json\" class=\"yoast-schema-graph\">{\"@context\":\"https:\\\/\\\/schema.org\",\"@graph\":[{\"@type\":\"WebPage\",\"@id\":\"https:\\\/\\\/abcdoinvestidor.com\\\/index.php\\\/universo-escolar\\\/\",\"url\":\"https:\\\/\\\/abcdoinvestidor.com\\\/index.php\\\/universo-escolar\\\/\",\"name\":\"MATEM\u00c1TICA - UNIVERSO ESCOLAR\",\"isPartOf\":{\"@id\":\"https:\\\/\\\/abcdoinvestidor.com\\\/#website\"},\"primaryImageOfPage\":{\"@id\":\"https:\\\/\\\/abcdoinvestidor.com\\\/index.php\\\/universo-escolar\\\/#primaryimage\"},\"image\":{\"@id\":\"https:\\\/\\\/abcdoinvestidor.com\\\/index.php\\\/universo-escolar\\\/#primaryimage\"},\"thumbnailUrl\":\"https:\\\/\\\/abcdoinvestidor.com\\\/wp-content\\\/uploads\\\/2023\\\/06\\\/IMG_1258-1024x629.jpeg\",\"datePublished\":\"2023-05-28T03:29:22+00:00\",\"dateModified\":\"2023-06-29T17:22:14+00:00\",\"breadcrumb\":{\"@id\":\"https:\\\/\\\/abcdoinvestidor.com\\\/index.php\\\/universo-escolar\\\/#breadcrumb\"},\"inLanguage\":\"pt-BR\",\"potentialAction\":[{\"@type\":\"ReadAction\",\"target\":[\"https:\\\/\\\/abcdoinvestidor.com\\\/index.php\\\/universo-escolar\\\/\"]}]},{\"@type\":\"ImageObject\",\"inLanguage\":\"pt-BR\",\"@id\":\"https:\\\/\\\/abcdoinvestidor.com\\\/index.php\\\/universo-escolar\\\/#primaryimage\",\"url\":\"https:\\\/\\\/abcdoinvestidor.com\\\/wp-content\\\/uploads\\\/2023\\\/06\\\/IMG_1258-1024x629.jpeg\",\"contentUrl\":\"https:\\\/\\\/abcdoinvestidor.com\\\/wp-content\\\/uploads\\\/2023\\\/06\\\/IMG_1258-1024x629.jpeg\"},{\"@type\":\"BreadcrumbList\",\"@id\":\"https:\\\/\\\/abcdoinvestidor.com\\\/index.php\\\/universo-escolar\\\/#breadcrumb\",\"itemListElement\":[{\"@type\":\"ListItem\",\"position\":1,\"name\":\"In\u00edcio\",\"item\":\"https:\\\/\\\/abcdoinvestidor.com\\\/\"},{\"@type\":\"ListItem\",\"position\":2,\"name\":\"MATEM\u00c1TICA\"}]},{\"@type\":\"WebSite\",\"@id\":\"https:\\\/\\\/abcdoinvestidor.com\\\/#website\",\"url\":\"https:\\\/\\\/abcdoinvestidor.com\\\/\",\"name\":\"UNIVERSO ESCOLAR\",\"description\":\"Ol\u00e1, bem-vindos ao mundo do conhecimento matem\u00e1tico, f\u00edsico, qu\u00edmico e muito mais. Este \u00e9 um espa\u00e7o para aprender de forma f\u00e1cil e simples.\",\"publisher\":{\"@id\":\"https:\\\/\\\/abcdoinvestidor.com\\\/#organization\"},\"potentialAction\":[{\"@type\":\"SearchAction\",\"target\":{\"@type\":\"EntryPoint\",\"urlTemplate\":\"https:\\\/\\\/abcdoinvestidor.com\\\/?s={search_term_string}\"},\"query-input\":{\"@type\":\"PropertyValueSpecification\",\"valueRequired\":true,\"valueName\":\"search_term_string\"}}],\"inLanguage\":\"pt-BR\"},{\"@type\":\"Organization\",\"@id\":\"https:\\\/\\\/abcdoinvestidor.com\\\/#organization\",\"name\":\"UNIVERSO ESCOLAR\",\"url\":\"https:\\\/\\\/abcdoinvestidor.com\\\/\",\"logo\":{\"@type\":\"ImageObject\",\"inLanguage\":\"pt-BR\",\"@id\":\"https:\\\/\\\/abcdoinvestidor.com\\\/#\\\/schema\\\/logo\\\/image\\\/\",\"url\":\"\",\"contentUrl\":\"\",\"caption\":\"UNIVERSO ESCOLAR\"},\"image\":{\"@id\":\"https:\\\/\\\/abcdoinvestidor.com\\\/#\\\/schema\\\/logo\\\/image\\\/\"},\"sameAs\":[\"https:\\\/\\\/web.facebook.com\\\/abcdoinvestidorb3\"]}]}<\/script>\n<!-- \/ Yoast SEO plugin. -->","yoast_head_json":{"title":"MATEM\u00c1TICA - UNIVERSO ESCOLAR","robots":{"index":"index","follow":"follow","max-snippet":"max-snippet:-1","max-image-preview":"max-image-preview:large","max-video-preview":"max-video-preview:-1"},"canonical":"https:\/\/abcdoinvestidor.com\/index.php\/universo-escolar\/","og_locale":"pt_BR","og_type":"article","og_title":"MATEM\u00c1TICA - UNIVERSO ESCOLAR","og_description":"Dominando Fra\u00e7\u00f5es Neste post iremos aprender mais sobre fra\u00e7\u00f5es. No mundo dos concursos, o conhecimento s\u00f3lido em matem\u00e1tica \u00a0\u00e9 uma","og_url":"https:\/\/abcdoinvestidor.com\/index.php\/universo-escolar\/","og_site_name":"UNIVERSO ESCOLAR","article_publisher":"https:\/\/web.facebook.com\/abcdoinvestidorb3","article_modified_time":"2023-06-29T17:22:14+00:00","og_image":[{"url":"https:\/\/abcdoinvestidor.com\/wp-content\/uploads\/2023\/06\/IMG_1258-1024x629.jpeg","type":"","width":"","height":""}],"twitter_card":"summary_large_image","twitter_misc":{"Est. tempo de leitura":"2 minutos"},"schema":{"@context":"https:\/\/schema.org","@graph":[{"@type":"WebPage","@id":"https:\/\/abcdoinvestidor.com\/index.php\/universo-escolar\/","url":"https:\/\/abcdoinvestidor.com\/index.php\/universo-escolar\/","name":"MATEM\u00c1TICA - UNIVERSO ESCOLAR","isPartOf":{"@id":"https:\/\/abcdoinvestidor.com\/#website"},"primaryImageOfPage":{"@id":"https:\/\/abcdoinvestidor.com\/index.php\/universo-escolar\/#primaryimage"},"image":{"@id":"https:\/\/abcdoinvestidor.com\/index.php\/universo-escolar\/#primaryimage"},"thumbnailUrl":"https:\/\/abcdoinvestidor.com\/wp-content\/uploads\/2023\/06\/IMG_1258-1024x629.jpeg","datePublished":"2023-05-28T03:29:22+00:00","dateModified":"2023-06-29T17:22:14+00:00","breadcrumb":{"@id":"https:\/\/abcdoinvestidor.com\/index.php\/universo-escolar\/#breadcrumb"},"inLanguage":"pt-BR","potentialAction":[{"@type":"ReadAction","target":["https:\/\/abcdoinvestidor.com\/index.php\/universo-escolar\/"]}]},{"@type":"ImageObject","inLanguage":"pt-BR","@id":"https:\/\/abcdoinvestidor.com\/index.php\/universo-escolar\/#primaryimage","url":"https:\/\/abcdoinvestidor.com\/wp-content\/uploads\/2023\/06\/IMG_1258-1024x629.jpeg","contentUrl":"https:\/\/abcdoinvestidor.com\/wp-content\/uploads\/2023\/06\/IMG_1258-1024x629.jpeg"},{"@type":"BreadcrumbList","@id":"https:\/\/abcdoinvestidor.com\/index.php\/universo-escolar\/#breadcrumb","itemListElement":[{"@type":"ListItem","position":1,"name":"In\u00edcio","item":"https:\/\/abcdoinvestidor.com\/"},{"@type":"ListItem","position":2,"name":"MATEM\u00c1TICA"}]},{"@type":"WebSite","@id":"https:\/\/abcdoinvestidor.com\/#website","url":"https:\/\/abcdoinvestidor.com\/","name":"UNIVERSO ESCOLAR","description":"Ol\u00e1, bem-vindos ao mundo do conhecimento matem\u00e1tico, f\u00edsico, qu\u00edmico e muito mais. Este \u00e9 um espa\u00e7o para aprender de forma f\u00e1cil e simples.","publisher":{"@id":"https:\/\/abcdoinvestidor.com\/#organization"},"potentialAction":[{"@type":"SearchAction","target":{"@type":"EntryPoint","urlTemplate":"https:\/\/abcdoinvestidor.com\/?s={search_term_string}"},"query-input":{"@type":"PropertyValueSpecification","valueRequired":true,"valueName":"search_term_string"}}],"inLanguage":"pt-BR"},{"@type":"Organization","@id":"https:\/\/abcdoinvestidor.com\/#organization","name":"UNIVERSO ESCOLAR","url":"https:\/\/abcdoinvestidor.com\/","logo":{"@type":"ImageObject","inLanguage":"pt-BR","@id":"https:\/\/abcdoinvestidor.com\/#\/schema\/logo\/image\/","url":"","contentUrl":"","caption":"UNIVERSO ESCOLAR"},"image":{"@id":"https:\/\/abcdoinvestidor.com\/#\/schema\/logo\/image\/"},"sameAs":["https:\/\/web.facebook.com\/abcdoinvestidorb3"]}]}},"_hostinger_reach_plugin_has_subscription_block":false,"_hostinger_reach_plugin_is_elementor":false,"_links":{"self":[{"href":"https:\/\/abcdoinvestidor.com\/index.php\/wp-json\/wp\/v2\/pages\/81","targetHints":{"allow":["GET"]}}],"collection":[{"href":"https:\/\/abcdoinvestidor.com\/index.php\/wp-json\/wp\/v2\/pages"}],"about":[{"href":"https:\/\/abcdoinvestidor.com\/index.php\/wp-json\/wp\/v2\/types\/page"}],"author":[{"embeddable":true,"href":"https:\/\/abcdoinvestidor.com\/index.php\/wp-json\/wp\/v2\/users\/1"}],"replies":[{"embeddable":true,"href":"https:\/\/abcdoinvestidor.com\/index.php\/wp-json\/wp\/v2\/comments?post=81"}],"version-history":[{"count":58,"href":"https:\/\/abcdoinvestidor.com\/index.php\/wp-json\/wp\/v2\/pages\/81\/revisions"}],"predecessor-version":[{"id":1091,"href":"https:\/\/abcdoinvestidor.com\/index.php\/wp-json\/wp\/v2\/pages\/81\/revisions\/1091"}],"wp:attachment":[{"href":"https:\/\/abcdoinvestidor.com\/index.php\/wp-json\/wp\/v2\/media?parent=81"}],"curies":[{"name":"wp","href":"https:\/\/api.w.org\/{rel}","templated":true}]}}