{"id":2017,"date":"2026-04-05T17:43:12","date_gmt":"2026-04-05T20:43:12","guid":{"rendered":"https:\/\/abcdoinvestidor.com\/?page_id=2017"},"modified":"2026-04-05T19:57:00","modified_gmt":"2026-04-05T22:57:00","slug":"loja-do-investidor","status":"publish","type":"page","link":"https:\/\/abcdoinvestidor.com\/index.php\/loja-do-investidor\/","title":{"rendered":"LOJA DO INVESTIDOR"},"content":{"rendered":"\t\t<div data-elementor-type=\"wp-page\" data-elementor-id=\"2017\" class=\"elementor elementor-2017\">\n\t\t\t\t\t\t<section class=\"elementor-section elementor-top-section elementor-element elementor-element-1166bc0 elementor-section-boxed elementor-section-height-default elementor-section-height-default\" data-id=\"1166bc0\" data-element_type=\"section\" data-e-type=\"section\">\n\t\t\t\t\t\t<div class=\"elementor-container elementor-column-gap-default\">\n\t\t\t\t\t<div class=\"elementor-column elementor-col-33 elementor-top-column elementor-element elementor-element-b1ce6d5\" data-id=\"b1ce6d5\" data-element_type=\"column\" data-e-type=\"column\">\n\t\t\t<div class=\"elementor-widget-wrap elementor-element-populated\">\n\t\t\t\t\t\t<div class=\"elementor-element elementor-element-61d10aa elementor-widget elementor-widget-image\" data-id=\"61d10aa\" data-element_type=\"widget\" data-e-type=\"widget\" data-widget_type=\"image.default\">\n\t\t\t\t<div class=\"elementor-widget-container\">\n\t\t\t\t\t\t\t\t\t\t\t\t<figure class=\"wp-caption\">\n\t\t\t\t\t\t\t\t\t\t\t<a href=\"https:\/\/s.shopee.com.br\/3Vg5spzIjD\" target=\"_blank\">\n\t\t\t\t\t\t\t<img fetchpriority=\"high\" decoding=\"async\" width=\"548\" height=\"589\" src=\"https:\/\/abcdoinvestidor.com\/wp-content\/uploads\/2026\/04\/FOTO-DE-TENIS.png\" class=\"attachment-large size-large wp-image-2018\" alt=\"\" srcset=\"https:\/\/abcdoinvestidor.com\/wp-content\/uploads\/2026\/04\/FOTO-DE-TENIS.png 548w, https:\/\/abcdoinvestidor.com\/wp-content\/uploads\/2026\/04\/FOTO-DE-TENIS-279x300.png 279w\" sizes=\"(max-width: 548px) 100vw, 548px\" \/>\t\t\t\t\t\t\t\t<\/a>\n\t\t\t\t\t\t\t\t\t\t\t<figcaption class=\"widget-image-caption wp-caption-text\">Kit 2 Pares T\u00eanis Masculino Esportivo Harus Fit Para Academia Corrida Super Promo\u00e7\u00e3o<\/figcaption>\n\t\t\t\t\t\t\t\t\t\t<\/figure>\n\t\t\t\t\t\t\t\t\t<\/div>\n\t\t\t\t<\/div>\n\t\t\t\t<div class=\"elementor-element elementor-element-d1956ac elementor-widget elementor-widget-button\" data-id=\"d1956ac\" data-element_type=\"widget\" data-e-type=\"widget\" data-widget_type=\"button.default\">\n\t\t\t\t<div class=\"elementor-widget-container\">\n\t\t\t\t\t\t\t\t\t<div class=\"elementor-button-wrapper\">\n\t\t\t\t\t<a class=\"elementor-button elementor-button-link elementor-size-sm\" href=\"https:\/\/s.shopee.com.br\/3Vg5spzIjD\">\n\t\t\t\t\t\t<span class=\"elementor-button-content-wrapper\">\n\t\t\t\t\t\t\t\t\t<span class=\"elementor-button-text\">Compre agora<\/span>\n\t\t\t\t\t<\/span>\n\t\t\t\t\t<\/a>\n\t\t\t\t<\/div>\n\t\t\t\t\t\t\t\t<\/div>\n\t\t\t\t<\/div>\n\t\t\t\t\t<\/div>\n\t\t<\/div>\n\t\t\t\t<div class=\"elementor-column elementor-col-33 elementor-top-column elementor-element elementor-element-64a5cbb\" data-id=\"64a5cbb\" data-element_type=\"column\" data-e-type=\"column\">\n\t\t\t<div class=\"elementor-widget-wrap elementor-element-populated\">\n\t\t\t\t\t\t<div class=\"elementor-element elementor-element-b806685 elementor-widget elementor-widget-image\" data-id=\"b806685\" data-element_type=\"widget\" data-e-type=\"widget\" data-widget_type=\"image.default\">\n\t\t\t\t<div class=\"elementor-widget-container\">\n\t\t\t\t\t\t\t\t\t\t\t\t<figure class=\"wp-caption\">\n\t\t\t\t\t\t\t\t\t\t\t<a href=\"https:\/\/s.shopee.com.br\/5VRAI3b74q\" target=\"_blank\">\n\t\t\t\t\t\t\t<img decoding=\"async\" width=\"566\" height=\"565\" src=\"https:\/\/abcdoinvestidor.com\/wp-content\/uploads\/2026\/04\/FONE-DE-OUVIDO.png\" class=\"attachment-large size-large wp-image-2019\" alt=\"\" srcset=\"https:\/\/abcdoinvestidor.com\/wp-content\/uploads\/2026\/04\/FONE-DE-OUVIDO.png 566w, https:\/\/abcdoinvestidor.com\/wp-content\/uploads\/2026\/04\/FONE-DE-OUVIDO-300x300.png 300w, https:\/\/abcdoinvestidor.com\/wp-content\/uploads\/2026\/04\/FONE-DE-OUVIDO-150x150.png 150w, https:\/\/abcdoinvestidor.com\/wp-content\/uploads\/2026\/04\/FONE-DE-OUVIDO-100x100.png 100w\" sizes=\"(max-width: 566px) 100vw, 566px\" \/>\t\t\t\t\t\t\t\t<\/a>\n\t\t\t\t\t\t\t\t\t\t\t<figcaption class=\"widget-image-caption wp-caption-text\">Kit M10 Bluetooth 5.3 Fones de ouvido sem fio TWS est\u00e9reo com carregador Power Bank<\/figcaption>\n\t\t\t\t\t\t\t\t\t\t<\/figure>\n\t\t\t\t\t\t\t\t\t<\/div>\n\t\t\t\t<\/div>\n\t\t\t\t<div class=\"elementor-element elementor-element-0c5ba35 elementor-widget elementor-widget-button\" data-id=\"0c5ba35\" data-element_type=\"widget\" data-e-type=\"widget\" data-widget_type=\"button.default\">\n\t\t\t\t<div class=\"elementor-widget-container\">\n\t\t\t\t\t\t\t\t\t<div class=\"elementor-button-wrapper\">\n\t\t\t\t\t<a class=\"elementor-button elementor-button-link elementor-size-sm\" href=\"https:\/\/s.shopee.com.br\/5VRAI3b74q\">\n\t\t\t\t\t\t<span class=\"elementor-button-content-wrapper\">\n\t\t\t\t\t\t\t\t\t<span class=\"elementor-button-text\">Compre agora<\/span>\n\t\t\t\t\t<\/span>\n\t\t\t\t\t<\/a>\n\t\t\t\t<\/div>\n\t\t\t\t\t\t\t\t<\/div>\n\t\t\t\t<\/div>\n\t\t\t\t\t<\/div>\n\t\t<\/div>\n\t\t\t\t<div class=\"elementor-column elementor-col-33 elementor-top-column elementor-element elementor-element-30e1d39\" data-id=\"30e1d39\" data-element_type=\"column\" data-e-type=\"column\">\n\t\t\t<div class=\"elementor-widget-wrap elementor-element-populated\">\n\t\t\t\t\t\t<div class=\"elementor-element elementor-element-28756dc elementor-widget elementor-widget-image\" data-id=\"28756dc\" data-element_type=\"widget\" data-e-type=\"widget\" data-widget_type=\"image.default\">\n\t\t\t\t<div class=\"elementor-widget-container\">\n\t\t\t\t\t\t\t\t\t\t\t\t<figure class=\"wp-caption\">\n\t\t\t\t\t\t\t\t\t\t\t<a href=\"https:\/\/s.shopee.com.br\/1Vv1XEubqp\">\n\t\t\t\t\t\t\t<img decoding=\"async\" width=\"589\" height=\"587\" src=\"https:\/\/abcdoinvestidor.com\/wp-content\/uploads\/2026\/04\/CAPA-DE-CHUVA.png\" class=\"attachment-large size-large wp-image-2020\" alt=\"\" srcset=\"https:\/\/abcdoinvestidor.com\/wp-content\/uploads\/2026\/04\/CAPA-DE-CHUVA.png 589w, https:\/\/abcdoinvestidor.com\/wp-content\/uploads\/2026\/04\/CAPA-DE-CHUVA-300x300.png 300w, https:\/\/abcdoinvestidor.com\/wp-content\/uploads\/2026\/04\/CAPA-DE-CHUVA-150x150.png 150w, https:\/\/abcdoinvestidor.com\/wp-content\/uploads\/2026\/04\/CAPA-DE-CHUVA-100x100.png 100w\" sizes=\"(max-width: 589px) 100vw, 589px\" \/>\t\t\t\t\t\t\t\t<\/a>\n\t\t\t\t\t\t\t\t\t\t\t<figcaption class=\"widget-image-caption wp-caption-text\">Capa De Chuva Moto Motoqueiro Imperme\u00e1vel Refor\u00e7ada<\/figcaption>\n\t\t\t\t\t\t\t\t\t\t<\/figure>\n\t\t\t\t\t\t\t\t\t<\/div>\n\t\t\t\t<\/div>\n\t\t\t\t<div class=\"elementor-element elementor-element-4cd8618 elementor-widget elementor-widget-button\" data-id=\"4cd8618\" data-element_type=\"widget\" data-e-type=\"widget\" data-widget_type=\"button.default\">\n\t\t\t\t<div class=\"elementor-widget-container\">\n\t\t\t\t\t\t\t\t\t<div class=\"elementor-button-wrapper\">\n\t\t\t\t\t<a class=\"elementor-button elementor-button-link elementor-size-sm\" href=\"https:\/\/s.shopee.com.br\/9012TCaoVO\">\n\t\t\t\t\t\t<span class=\"elementor-button-content-wrapper\">\n\t\t\t\t\t\t\t\t\t<span class=\"elementor-button-text\">Compre agora<\/span>\n\t\t\t\t\t<\/span>\n\t\t\t\t\t<\/a>\n\t\t\t\t<\/div>\n\t\t\t\t\t\t\t\t<\/div>\n\t\t\t\t<\/div>\n\t\t\t\t\t<\/div>\n\t\t<\/div>\n\t\t\t\t\t<\/div>\n\t\t<\/section>\n\t\t\t\t<section class=\"elementor-section elementor-top-section elementor-element elementor-element-4abeb98 elementor-section-boxed elementor-section-height-default elementor-section-height-default\" data-id=\"4abeb98\" data-element_type=\"section\" data-e-type=\"section\">\n\t\t\t\t\t\t<div class=\"elementor-container elementor-column-gap-default\">\n\t\t\t\t\t<div class=\"elementor-column elementor-col-25 elementor-top-column elementor-element elementor-element-11f807a\" data-id=\"11f807a\" data-element_type=\"column\" data-e-type=\"column\">\n\t\t\t<div class=\"elementor-widget-wrap elementor-element-populated\">\n\t\t\t\t\t\t<div class=\"elementor-element elementor-element-0591e47 elementor-widget elementor-widget-image\" data-id=\"0591e47\" data-element_type=\"widget\" data-e-type=\"widget\" data-widget_type=\"image.default\">\n\t\t\t\t<div class=\"elementor-widget-container\">\n\t\t\t\t\t\t\t\t\t\t\t\t<figure class=\"wp-caption\">\n\t\t\t\t\t\t\t\t\t\t\t<a href=\"https:\/\/s.shopee.com.br\/16Dpocbgx\">\n\t\t\t\t\t\t\t<img loading=\"lazy\" decoding=\"async\" width=\"569\" height=\"511\" src=\"https:\/\/abcdoinvestidor.com\/wp-content\/uploads\/2026\/04\/FONE-DE-OUVIDO-BLUETOOTH.png\" class=\"attachment-large size-large wp-image-2026\" alt=\"\" srcset=\"https:\/\/abcdoinvestidor.com\/wp-content\/uploads\/2026\/04\/FONE-DE-OUVIDO-BLUETOOTH.png 569w, https:\/\/abcdoinvestidor.com\/wp-content\/uploads\/2026\/04\/FONE-DE-OUVIDO-BLUETOOTH-300x269.png 300w\" sizes=\"(max-width: 569px) 100vw, 569px\" \/>\t\t\t\t\t\t\t\t<\/a>\n\t\t\t\t\t\t\t\t\t\t\t<figcaption class=\"widget-image-caption wp-caption-text\">Compre 1 e leve 1 gr\u00e1tis Fone de Ouvido Bluetooth Sem Fio Mono \u00e0 Prova d'\u00c1gua com Microfone e Longa Dura\u00e7\u00e3o de Bateria<\/figcaption>\n\t\t\t\t\t\t\t\t\t\t<\/figure>\n\t\t\t\t\t\t\t\t\t<\/div>\n\t\t\t\t<\/div>\n\t\t\t\t<div class=\"elementor-element elementor-element-5eeea57 elementor-widget elementor-widget-button\" data-id=\"5eeea57\" data-element_type=\"widget\" data-e-type=\"widget\" data-widget_type=\"button.default\">\n\t\t\t\t<div class=\"elementor-widget-container\">\n\t\t\t\t\t\t\t\t\t<div class=\"elementor-button-wrapper\">\n\t\t\t\t\t<a class=\"elementor-button elementor-button-link elementor-size-sm\" href=\"https:\/\/s.shopee.com.br\/16Dpocbgx\">\n\t\t\t\t\t\t<span class=\"elementor-button-content-wrapper\">\n\t\t\t\t\t\t\t\t\t<span class=\"elementor-button-text\">Compre agora<\/span>\n\t\t\t\t\t<\/span>\n\t\t\t\t\t<\/a>\n\t\t\t\t<\/div>\n\t\t\t\t\t\t\t\t<\/div>\n\t\t\t\t<\/div>\n\t\t\t\t\t<\/div>\n\t\t<\/div>\n\t\t\t\t<div class=\"elementor-column elementor-col-25 elementor-top-column elementor-element elementor-element-4e88223\" data-id=\"4e88223\" data-element_type=\"column\" data-e-type=\"column\">\n\t\t\t<div class=\"elementor-widget-wrap elementor-element-populated\">\n\t\t\t\t\t\t<div class=\"elementor-element elementor-element-83e818b elementor-widget elementor-widget-image\" data-id=\"83e818b\" data-element_type=\"widget\" data-e-type=\"widget\" data-widget_type=\"image.default\">\n\t\t\t\t<div class=\"elementor-widget-container\">\n\t\t\t\t\t\t\t\t\t\t\t\t<figure class=\"wp-caption\">\n\t\t\t\t\t\t\t\t\t\t\t<a href=\"https:\/\/s.shopee.com.br\/30jpQ6Xv3I\">\n\t\t\t\t\t\t\t<img loading=\"lazy\" decoding=\"async\" width=\"614\" height=\"521\" src=\"https:\/\/abcdoinvestidor.com\/wp-content\/uploads\/2026\/04\/COMPRESSOR-DE-AR.png\" class=\"attachment-large size-large wp-image-2027\" alt=\"\" srcset=\"https:\/\/abcdoinvestidor.com\/wp-content\/uploads\/2026\/04\/COMPRESSOR-DE-AR.png 614w, https:\/\/abcdoinvestidor.com\/wp-content\/uploads\/2026\/04\/COMPRESSOR-DE-AR-300x255.png 300w, https:\/\/abcdoinvestidor.com\/wp-content\/uploads\/2026\/04\/COMPRESSOR-DE-AR-600x509.png 600w\" sizes=\"(max-width: 614px) 100vw, 614px\" \/>\t\t\t\t\t\t\t\t<\/a>\n\t\t\t\t\t\t\t\t\t\t\t<figcaption class=\"widget-image-caption wp-caption-text\">Bomba de Ar Portatil Compressor Inflator Multi-fun\u00e7\u00e3o 4 em 1 PowerBank 8kmah Bateria Calibrador de Carro Auto Pneu<\/figcaption>\n\t\t\t\t\t\t\t\t\t\t<\/figure>\n\t\t\t\t\t\t\t\t\t<\/div>\n\t\t\t\t<\/div>\n\t\t\t\t<div class=\"elementor-element elementor-element-a5b0352 elementor-widget elementor-widget-button\" data-id=\"a5b0352\" data-element_type=\"widget\" data-e-type=\"widget\" data-widget_type=\"button.default\">\n\t\t\t\t<div class=\"elementor-widget-container\">\n\t\t\t\t\t\t\t\t\t<div class=\"elementor-button-wrapper\">\n\t\t\t\t\t<a class=\"elementor-button elementor-button-link elementor-size-sm\" href=\"https:\/\/s.shopee.com.br\/30jpQ6Xv3I\">\n\t\t\t\t\t\t<span class=\"elementor-button-content-wrapper\">\n\t\t\t\t\t\t\t\t\t<span class=\"elementor-button-text\">Compre agora<\/span>\n\t\t\t\t\t<\/span>\n\t\t\t\t\t<\/a>\n\t\t\t\t<\/div>\n\t\t\t\t\t\t\t\t<\/div>\n\t\t\t\t<\/div>\n\t\t\t\t\t<\/div>\n\t\t<\/div>\n\t\t\t\t<div class=\"elementor-column elementor-col-25 elementor-top-column elementor-element elementor-element-0c4acb2\" data-id=\"0c4acb2\" data-element_type=\"column\" data-e-type=\"column\">\n\t\t\t<div class=\"elementor-widget-wrap elementor-element-populated\">\n\t\t\t\t\t\t<div class=\"elementor-element elementor-element-e8e7384 elementor-widget elementor-widget-image\" data-id=\"e8e7384\" data-element_type=\"widget\" data-e-type=\"widget\" data-widget_type=\"image.default\">\n\t\t\t\t<div class=\"elementor-widget-container\">\n\t\t\t\t\t\t\t\t\t\t\t\t<figure class=\"wp-caption\">\n\t\t\t\t\t\t\t\t\t\t\t<a href=\"https:\/\/s.shopee.com.br\/30jpQsWXcY\">\n\t\t\t\t\t\t\t<img loading=\"lazy\" decoding=\"async\" width=\"560\" height=\"535\" src=\"https:\/\/abcdoinvestidor.com\/wp-content\/uploads\/2026\/04\/JOGO-DE-CHAVES.png\" class=\"attachment-large size-large wp-image-2028\" alt=\"\" srcset=\"https:\/\/abcdoinvestidor.com\/wp-content\/uploads\/2026\/04\/JOGO-DE-CHAVES.png 560w, https:\/\/abcdoinvestidor.com\/wp-content\/uploads\/2026\/04\/JOGO-DE-CHAVES-300x287.png 300w\" sizes=\"(max-width: 560px) 100vw, 560px\" \/>\t\t\t\t\t\t\t\t<\/a>\n\t\t\t\t\t\t\t\t\t\t\t<figcaption class=\"widget-image-caption wp-caption-text\">40 Pe\u00e7as \/ 46 Pe\u00e7as Jogo De Chave Catraca Caixa De Ferramentas Completa Revers\u00edvel Soquetes Maleta<\/figcaption>\n\t\t\t\t\t\t\t\t\t\t<\/figure>\n\t\t\t\t\t\t\t\t\t<\/div>\n\t\t\t\t<\/div>\n\t\t\t\t<div class=\"elementor-element elementor-element-cde3c66 elementor-widget elementor-widget-button\" data-id=\"cde3c66\" data-element_type=\"widget\" data-e-type=\"widget\" data-widget_type=\"button.default\">\n\t\t\t\t<div class=\"elementor-widget-container\">\n\t\t\t\t\t\t\t\t\t<div class=\"elementor-button-wrapper\">\n\t\t\t\t\t<a class=\"elementor-button elementor-button-link elementor-size-sm\" href=\"https:\/\/s.shopee.com.br\/30jpQsWXcY\">\n\t\t\t\t\t\t<span class=\"elementor-button-content-wrapper\">\n\t\t\t\t\t\t\t\t\t<span class=\"elementor-button-text\">Compre agora<\/span>\n\t\t\t\t\t<\/span>\n\t\t\t\t\t<\/a>\n\t\t\t\t<\/div>\n\t\t\t\t\t\t\t\t<\/div>\n\t\t\t\t<\/div>\n\t\t\t\t\t<\/div>\n\t\t<\/div>\n\t\t\t\t<div class=\"elementor-column elementor-col-25 elementor-top-column elementor-element elementor-element-9e91b82\" data-id=\"9e91b82\" data-element_type=\"column\" data-e-type=\"column\">\n\t\t\t<div class=\"elementor-widget-wrap elementor-element-populated\">\n\t\t\t\t\t\t<div class=\"elementor-element elementor-element-d8a4ff8 elementor-widget elementor-widget-image\" data-id=\"d8a4ff8\" data-element_type=\"widget\" data-e-type=\"widget\" data-widget_type=\"image.default\">\n\t\t\t\t<div class=\"elementor-widget-container\">\n\t\t\t\t\t\t\t\t\t\t\t\t<figure class=\"wp-caption\">\n\t\t\t\t\t\t\t\t\t\t\t<a href=\"https:\/\/s.shopee.com.br\/1gERquCIfq\">\n\t\t\t\t\t\t\t<img loading=\"lazy\" decoding=\"async\" width=\"594\" height=\"588\" src=\"https:\/\/abcdoinvestidor.com\/wp-content\/uploads\/2026\/04\/CAMERA-DE-SEGURANCA.png\" class=\"attachment-large size-large wp-image-2029\" alt=\"\" srcset=\"https:\/\/abcdoinvestidor.com\/wp-content\/uploads\/2026\/04\/CAMERA-DE-SEGURANCA.png 594w, https:\/\/abcdoinvestidor.com\/wp-content\/uploads\/2026\/04\/CAMERA-DE-SEGURANCA-300x297.png 300w, https:\/\/abcdoinvestidor.com\/wp-content\/uploads\/2026\/04\/CAMERA-DE-SEGURANCA-100x100.png 100w\" sizes=\"(max-width: 594px) 100vw, 594px\" \/>\t\t\t\t\t\t\t\t<\/a>\n\t\t\t\t\t\t\t\t\t\t\t<figcaption class=\"widget-image-caption wp-caption-text\">C\u00e2mera De Seguran\u00e7a a Prova de \u00e1gua Lente Dupla APP YOOSEE IP66 Camera IP WiFi 360<\/figcaption>\n\t\t\t\t\t\t\t\t\t\t<\/figure>\n\t\t\t\t\t\t\t\t\t<\/div>\n\t\t\t\t<\/div>\n\t\t\t\t<div class=\"elementor-element elementor-element-4546128 elementor-widget elementor-widget-button\" data-id=\"4546128\" data-element_type=\"widget\" data-e-type=\"widget\" data-widget_type=\"button.default\">\n\t\t\t\t<div class=\"elementor-widget-container\">\n\t\t\t\t\t\t\t\t\t<div class=\"elementor-button-wrapper\">\n\t\t\t\t\t<a class=\"elementor-button elementor-button-link elementor-size-sm\" href=\"https:\/\/s.shopee.com.br\/1gERquCIfq\">\n\t\t\t\t\t\t<span class=\"elementor-button-content-wrapper\">\n\t\t\t\t\t\t\t\t\t<span class=\"elementor-button-text\">Compre agora<\/span>\n\t\t\t\t\t<\/span>\n\t\t\t\t\t<\/a>\n\t\t\t\t<\/div>\n\t\t\t\t\t\t\t\t<\/div>\n\t\t\t\t<\/div>\n\t\t\t\t\t<\/div>\n\t\t<\/div>\n\t\t\t\t\t<\/div>\n\t\t<\/section>\n\t\t\t\t<\/div>\n\t\t","protected":false},"excerpt":{"rendered":"<p>Kit 2 Pares T\u00eanis Masculino Esportivo Harus Fit Para Academia Corrida Super Promo\u00e7\u00e3o Compre agora Kit M10 Bluetooth 5.3 Fones<\/p>\n","protected":false},"author":1,"featured_media":0,"parent":0,"menu_order":0,"comment_status":"closed","ping_status":"closed","template":"","meta":{"colormag_page_container_layout":"default_layout","colormag_page_sidebar_layout":"default_layout","footnotes":""},"class_list":["post-2017","page","type-page","status-publish","hentry"],"yoast_head":"<!-- This site is optimized with the Yoast SEO plugin v27.3 - https:\/\/yoast.com\/product\/yoast-seo-wordpress\/ -->\n<title>LOJA DO INVESTIDOR - UNIVERSO ESCOLAR<\/title>\n<meta name=\"description\" content=\"Loja de produtos baratos e promocionais\" \/>\n<meta name=\"robots\" content=\"index, follow, max-snippet:-1, max-image-preview:large, max-video-preview:-1\" \/>\n<link rel=\"canonical\" href=\"https:\/\/abcdoinvestidor.com\/index.php\/loja-do-investidor\/\" \/>\n<meta property=\"og:locale\" content=\"pt_BR\" \/>\n<meta property=\"og:type\" content=\"article\" \/>\n<meta property=\"og:title\" content=\"LOJA DO INVESTIDOR - UNIVERSO ESCOLAR\" \/>\n<meta property=\"og:description\" content=\"Loja de produtos baratos e promocionais\" \/>\n<meta property=\"og:url\" content=\"https:\/\/abcdoinvestidor.com\/index.php\/loja-do-investidor\/\" \/>\n<meta property=\"og:site_name\" content=\"UNIVERSO ESCOLAR\" \/>\n<meta property=\"article:publisher\" content=\"https:\/\/web.facebook.com\/abcdoinvestidorb3\" \/>\n<meta property=\"article:modified_time\" content=\"2026-04-05T22:57:00+00:00\" \/>\n<meta property=\"og:image\" content=\"https:\/\/abcdoinvestidor.com\/wp-content\/uploads\/2026\/04\/FOTO-DE-TENIS.png\" \/>\n<meta name=\"twitter:card\" content=\"summary_large_image\" \/>\n<meta name=\"twitter:label1\" content=\"Est. tempo de leitura\" \/>\n\t<meta name=\"twitter:data1\" content=\"3 minutos\" \/>\n<script type=\"application\/ld+json\" class=\"yoast-schema-graph\">{\"@context\":\"https:\\\/\\\/schema.org\",\"@graph\":[{\"@type\":\"WebPage\",\"@id\":\"https:\\\/\\\/abcdoinvestidor.com\\\/index.php\\\/loja-do-investidor\\\/\",\"url\":\"https:\\\/\\\/abcdoinvestidor.com\\\/index.php\\\/loja-do-investidor\\\/\",\"name\":\"LOJA DO INVESTIDOR - UNIVERSO ESCOLAR\",\"isPartOf\":{\"@id\":\"https:\\\/\\\/abcdoinvestidor.com\\\/#website\"},\"primaryImageOfPage\":{\"@id\":\"https:\\\/\\\/abcdoinvestidor.com\\\/index.php\\\/loja-do-investidor\\\/#primaryimage\"},\"image\":{\"@id\":\"https:\\\/\\\/abcdoinvestidor.com\\\/index.php\\\/loja-do-investidor\\\/#primaryimage\"},\"thumbnailUrl\":\"https:\\\/\\\/abcdoinvestidor.com\\\/wp-content\\\/uploads\\\/2026\\\/04\\\/FOTO-DE-TENIS.png\",\"datePublished\":\"2026-04-05T20:43:12+00:00\",\"dateModified\":\"2026-04-05T22:57:00+00:00\",\"description\":\"Loja de produtos baratos e promocionais\",\"breadcrumb\":{\"@id\":\"https:\\\/\\\/abcdoinvestidor.com\\\/index.php\\\/loja-do-investidor\\\/#breadcrumb\"},\"inLanguage\":\"pt-BR\",\"potentialAction\":[{\"@type\":\"ReadAction\",\"target\":[\"https:\\\/\\\/abcdoinvestidor.com\\\/index.php\\\/loja-do-investidor\\\/\"]}]},{\"@type\":\"ImageObject\",\"inLanguage\":\"pt-BR\",\"@id\":\"https:\\\/\\\/abcdoinvestidor.com\\\/index.php\\\/loja-do-investidor\\\/#primaryimage\",\"url\":\"https:\\\/\\\/abcdoinvestidor.com\\\/wp-content\\\/uploads\\\/2026\\\/04\\\/FOTO-DE-TENIS.png\",\"contentUrl\":\"https:\\\/\\\/abcdoinvestidor.com\\\/wp-content\\\/uploads\\\/2026\\\/04\\\/FOTO-DE-TENIS.png\",\"width\":548,\"height\":589},{\"@type\":\"BreadcrumbList\",\"@id\":\"https:\\\/\\\/abcdoinvestidor.com\\\/index.php\\\/loja-do-investidor\\\/#breadcrumb\",\"itemListElement\":[{\"@type\":\"ListItem\",\"position\":1,\"name\":\"In\u00edcio\",\"item\":\"https:\\\/\\\/abcdoinvestidor.com\\\/\"},{\"@type\":\"ListItem\",\"position\":2,\"name\":\"LOJA DO INVESTIDOR\"}]},{\"@type\":\"WebSite\",\"@id\":\"https:\\\/\\\/abcdoinvestidor.com\\\/#website\",\"url\":\"https:\\\/\\\/abcdoinvestidor.com\\\/\",\"name\":\"UNIVERSO ESCOLAR\",\"description\":\"Ol\u00e1, bem-vindos ao mundo do conhecimento matem\u00e1tico, f\u00edsico, qu\u00edmico e muito mais. Este \u00e9 um espa\u00e7o para aprender de forma f\u00e1cil e simples.\",\"publisher\":{\"@id\":\"https:\\\/\\\/abcdoinvestidor.com\\\/#organization\"},\"potentialAction\":[{\"@type\":\"SearchAction\",\"target\":{\"@type\":\"EntryPoint\",\"urlTemplate\":\"https:\\\/\\\/abcdoinvestidor.com\\\/?s={search_term_string}\"},\"query-input\":{\"@type\":\"PropertyValueSpecification\",\"valueRequired\":true,\"valueName\":\"search_term_string\"}}],\"inLanguage\":\"pt-BR\"},{\"@type\":\"Organization\",\"@id\":\"https:\\\/\\\/abcdoinvestidor.com\\\/#organization\",\"name\":\"UNIVERSO ESCOLAR\",\"url\":\"https:\\\/\\\/abcdoinvestidor.com\\\/\",\"logo\":{\"@type\":\"ImageObject\",\"inLanguage\":\"pt-BR\",\"@id\":\"https:\\\/\\\/abcdoinvestidor.com\\\/#\\\/schema\\\/logo\\\/image\\\/\",\"url\":\"\",\"contentUrl\":\"\",\"caption\":\"UNIVERSO ESCOLAR\"},\"image\":{\"@id\":\"https:\\\/\\\/abcdoinvestidor.com\\\/#\\\/schema\\\/logo\\\/image\\\/\"},\"sameAs\":[\"https:\\\/\\\/web.facebook.com\\\/abcdoinvestidorb3\"]}]}<\/script>\n<!-- \/ Yoast SEO plugin. -->","yoast_head_json":{"title":"LOJA DO INVESTIDOR - UNIVERSO ESCOLAR","description":"Loja de produtos baratos e promocionais","robots":{"index":"index","follow":"follow","max-snippet":"max-snippet:-1","max-image-preview":"max-image-preview:large","max-video-preview":"max-video-preview:-1"},"canonical":"https:\/\/abcdoinvestidor.com\/index.php\/loja-do-investidor\/","og_locale":"pt_BR","og_type":"article","og_title":"LOJA DO INVESTIDOR - UNIVERSO ESCOLAR","og_description":"Loja de produtos baratos e promocionais","og_url":"https:\/\/abcdoinvestidor.com\/index.php\/loja-do-investidor\/","og_site_name":"UNIVERSO ESCOLAR","article_publisher":"https:\/\/web.facebook.com\/abcdoinvestidorb3","article_modified_time":"2026-04-05T22:57:00+00:00","og_image":[{"url":"https:\/\/abcdoinvestidor.com\/wp-content\/uploads\/2026\/04\/FOTO-DE-TENIS.png","type":"","width":"","height":""}],"twitter_card":"summary_large_image","twitter_misc":{"Est. tempo de leitura":"3 minutos"},"schema":{"@context":"https:\/\/schema.org","@graph":[{"@type":"WebPage","@id":"https:\/\/abcdoinvestidor.com\/index.php\/loja-do-investidor\/","url":"https:\/\/abcdoinvestidor.com\/index.php\/loja-do-investidor\/","name":"LOJA DO INVESTIDOR - UNIVERSO ESCOLAR","isPartOf":{"@id":"https:\/\/abcdoinvestidor.com\/#website"},"primaryImageOfPage":{"@id":"https:\/\/abcdoinvestidor.com\/index.php\/loja-do-investidor\/#primaryimage"},"image":{"@id":"https:\/\/abcdoinvestidor.com\/index.php\/loja-do-investidor\/#primaryimage"},"thumbnailUrl":"https:\/\/abcdoinvestidor.com\/wp-content\/uploads\/2026\/04\/FOTO-DE-TENIS.png","datePublished":"2026-04-05T20:43:12+00:00","dateModified":"2026-04-05T22:57:00+00:00","description":"Loja de produtos baratos e promocionais","breadcrumb":{"@id":"https:\/\/abcdoinvestidor.com\/index.php\/loja-do-investidor\/#breadcrumb"},"inLanguage":"pt-BR","potentialAction":[{"@type":"ReadAction","target":["https:\/\/abcdoinvestidor.com\/index.php\/loja-do-investidor\/"]}]},{"@type":"ImageObject","inLanguage":"pt-BR","@id":"https:\/\/abcdoinvestidor.com\/index.php\/loja-do-investidor\/#primaryimage","url":"https:\/\/abcdoinvestidor.com\/wp-content\/uploads\/2026\/04\/FOTO-DE-TENIS.png","contentUrl":"https:\/\/abcdoinvestidor.com\/wp-content\/uploads\/2026\/04\/FOTO-DE-TENIS.png","width":548,"height":589},{"@type":"BreadcrumbList","@id":"https:\/\/abcdoinvestidor.com\/index.php\/loja-do-investidor\/#breadcrumb","itemListElement":[{"@type":"ListItem","position":1,"name":"In\u00edcio","item":"https:\/\/abcdoinvestidor.com\/"},{"@type":"ListItem","position":2,"name":"LOJA DO INVESTIDOR"}]},{"@type":"WebSite","@id":"https:\/\/abcdoinvestidor.com\/#website","url":"https:\/\/abcdoinvestidor.com\/","name":"UNIVERSO ESCOLAR","description":"Ol\u00e1, bem-vindos ao mundo do conhecimento matem\u00e1tico, f\u00edsico, qu\u00edmico e muito mais. Este \u00e9 um espa\u00e7o para aprender de forma f\u00e1cil e simples.","publisher":{"@id":"https:\/\/abcdoinvestidor.com\/#organization"},"potentialAction":[{"@type":"SearchAction","target":{"@type":"EntryPoint","urlTemplate":"https:\/\/abcdoinvestidor.com\/?s={search_term_string}"},"query-input":{"@type":"PropertyValueSpecification","valueRequired":true,"valueName":"search_term_string"}}],"inLanguage":"pt-BR"},{"@type":"Organization","@id":"https:\/\/abcdoinvestidor.com\/#organization","name":"UNIVERSO ESCOLAR","url":"https:\/\/abcdoinvestidor.com\/","logo":{"@type":"ImageObject","inLanguage":"pt-BR","@id":"https:\/\/abcdoinvestidor.com\/#\/schema\/logo\/image\/","url":"","contentUrl":"","caption":"UNIVERSO ESCOLAR"},"image":{"@id":"https:\/\/abcdoinvestidor.com\/#\/schema\/logo\/image\/"},"sameAs":["https:\/\/web.facebook.com\/abcdoinvestidorb3"]}]}},"_hostinger_reach_plugin_has_subscription_block":false,"_hostinger_reach_plugin_is_elementor":false,"_links":{"self":[{"href":"https:\/\/abcdoinvestidor.com\/index.php\/wp-json\/wp\/v2\/pages\/2017","targetHints":{"allow":["GET"]}}],"collection":[{"href":"https:\/\/abcdoinvestidor.com\/index.php\/wp-json\/wp\/v2\/pages"}],"about":[{"href":"https:\/\/abcdoinvestidor.com\/index.php\/wp-json\/wp\/v2\/types\/page"}],"author":[{"embeddable":true,"href":"https:\/\/abcdoinvestidor.com\/index.php\/wp-json\/wp\/v2\/users\/1"}],"replies":[{"embeddable":true,"href":"https:\/\/abcdoinvestidor.com\/index.php\/wp-json\/wp\/v2\/comments?post=2017"}],"version-history":[{"count":7,"href":"https:\/\/abcdoinvestidor.com\/index.php\/wp-json\/wp\/v2\/pages\/2017\/revisions"}],"predecessor-version":[{"id":2033,"href":"https:\/\/abcdoinvestidor.com\/index.php\/wp-json\/wp\/v2\/pages\/2017\/revisions\/2033"}],"wp:attachment":[{"href":"https:\/\/abcdoinvestidor.com\/index.php\/wp-json\/wp\/v2\/media?parent=2017"}],"curies":[{"name":"wp","href":"https:\/\/api.w.org\/{rel}","templated":true}]}}