{"id":1702,"date":"2023-08-24T20:11:20","date_gmt":"2023-08-24T23:11:20","guid":{"rendered":"https:\/\/abcdoinvestidor.com\/?page_id=1702"},"modified":"2023-08-24T20:33:23","modified_gmt":"2023-08-24T23:33:23","slug":"livros-gratuitos","status":"publish","type":"page","link":"https:\/\/abcdoinvestidor.com\/index.php\/matematica\/livros-gratuitos\/","title":{"rendered":"LIVROS GRATUITOS"},"content":{"rendered":"\t\t<div data-elementor-type=\"wp-page\" data-elementor-id=\"1702\" class=\"elementor elementor-1702\">\n\t\t\t\t\t\t<section class=\"elementor-section elementor-top-section elementor-element elementor-element-5b7c4c0b elementor-section-boxed elementor-section-height-default elementor-section-height-default\" data-id=\"5b7c4c0b\" data-element_type=\"section\" data-e-type=\"section\">\n\t\t\t\t\t\t<div class=\"elementor-container elementor-column-gap-default\">\n\t\t\t\t\t<div class=\"elementor-column elementor-col-100 elementor-top-column elementor-element elementor-element-5ff4be3\" data-id=\"5ff4be3\" data-element_type=\"column\" data-e-type=\"column\">\n\t\t\t<div class=\"elementor-widget-wrap elementor-element-populated\">\n\t\t\t\t\t\t<div class=\"elementor-element elementor-element-396b4f2e elementor-widget elementor-widget-text-editor\" data-id=\"396b4f2e\" data-element_type=\"widget\" data-e-type=\"widget\" data-widget_type=\"text-editor.default\">\n\t\t\t\t<div class=\"elementor-widget-container\">\n\t\t\t\t\t\t\t\t\tBaixe agora os melhores livros gratuitos de educa\u00e7\u00e3o.\t\t\t\t\t\t\t\t<\/div>\n\t\t\t\t<\/div>\n\t\t\t\t\t<\/div>\n\t\t<\/div>\n\t\t\t\t\t<\/div>\n\t\t<\/section>\n\t\t\t\t<section class=\"elementor-section elementor-top-section elementor-element elementor-element-ceb4f0c elementor-section-boxed elementor-section-height-default elementor-section-height-default\" data-id=\"ceb4f0c\" data-element_type=\"section\" data-e-type=\"section\">\n\t\t\t\t\t\t<div class=\"elementor-container elementor-column-gap-default\">\n\t\t\t\t\t<div class=\"elementor-column elementor-col-33 elementor-top-column elementor-element elementor-element-0d4e0d1\" data-id=\"0d4e0d1\" data-element_type=\"column\" data-e-type=\"column\">\n\t\t\t<div class=\"elementor-widget-wrap elementor-element-populated\">\n\t\t\t\t\t\t<div class=\"elementor-element elementor-element-5f38168 elementor-widget elementor-widget-image\" data-id=\"5f38168\" data-element_type=\"widget\" data-e-type=\"widget\" data-widget_type=\"image.default\">\n\t\t\t\t<div class=\"elementor-widget-container\">\n\t\t\t\t\t\t\t\t\t\t\t\t\t\t\t<img fetchpriority=\"high\" decoding=\"async\" width=\"393\" height=\"525\" src=\"https:\/\/abcdoinvestidor.com\/wp-content\/uploads\/2023\/08\/CAPA-QUADRANTE.png\" class=\"attachment-large size-large wp-image-1705\" alt=\"\" srcset=\"https:\/\/abcdoinvestidor.com\/wp-content\/uploads\/2023\/08\/CAPA-QUADRANTE.png 393w, https:\/\/abcdoinvestidor.com\/wp-content\/uploads\/2023\/08\/CAPA-QUADRANTE-225x300.png 225w\" sizes=\"(max-width: 393px) 100vw, 393px\" \/>\t\t\t\t\t\t\t\t\t\t\t\t\t\t\t<\/div>\n\t\t\t\t<\/div>\n\t\t\t\t<div class=\"elementor-element elementor-element-fcbc4b8 elementor-widget elementor-widget-text-editor\" data-id=\"fcbc4b8\" data-element_type=\"widget\" data-e-type=\"widget\" data-widget_type=\"text-editor.default\">\n\t\t\t\t<div class=\"elementor-widget-container\">\n\t\t\t\t\t\t\t\t\t<h4><strong>Ensino M\u00e9dio Matem\u00e1tica 1\u00ba Ano\u00a0<\/strong><\/h4>\t\t\t\t\t\t\t\t<\/div>\n\t\t\t\t<\/div>\n\t\t\t\t<div class=\"elementor-element elementor-element-f5fb983 elementor-widget elementor-widget-button\" data-id=\"f5fb983\" data-element_type=\"widget\" data-e-type=\"widget\" data-widget_type=\"button.default\">\n\t\t\t\t<div class=\"elementor-widget-container\">\n\t\t\t\t\t\t\t\t\t<div class=\"elementor-button-wrapper\">\n\t\t\t\t\t<a class=\"elementor-button elementor-button-link elementor-size-sm\" href=\"https:\/\/abcdoinvestidor.com\/wp-content\/uploads\/2023\/08\/Quadrante-Matematica-1-Eduardo-Chavante-e-Diego-Prestes.pdf\" download=\"\">\n\t\t\t\t\t\t<span class=\"elementor-button-content-wrapper\">\n\t\t\t\t\t\t<span class=\"elementor-button-icon\">\n\t\t\t\t<i aria-hidden=\"true\" class=\"fas fa-download\"><\/i>\t\t\t<\/span>\n\t\t\t\t\t\t\t\t\t<span class=\"elementor-button-text\">Baixe agora<\/span>\n\t\t\t\t\t<\/span>\n\t\t\t\t\t<\/a>\n\t\t\t\t<\/div>\n\t\t\t\t\t\t\t\t<\/div>\n\t\t\t\t<\/div>\n\t\t\t\t\t<\/div>\n\t\t<\/div>\n\t\t\t\t<div class=\"elementor-column elementor-col-33 elementor-top-column elementor-element elementor-element-7436d61\" data-id=\"7436d61\" data-element_type=\"column\" data-e-type=\"column\">\n\t\t\t<div class=\"elementor-widget-wrap elementor-element-populated\">\n\t\t\t\t\t\t<div class=\"elementor-element elementor-element-28d6848 elementor-widget elementor-widget-image\" data-id=\"28d6848\" data-element_type=\"widget\" data-e-type=\"widget\" data-widget_type=\"image.default\">\n\t\t\t\t<div class=\"elementor-widget-container\">\n\t\t\t\t\t\t\t\t\t\t\t\t\t\t\t<img decoding=\"async\" width=\"391\" height=\"524\" src=\"https:\/\/abcdoinvestidor.com\/wp-content\/uploads\/2023\/08\/CAPA-QUADRANTE-2.png\" class=\"attachment-large size-large wp-image-1712\" alt=\"\" srcset=\"https:\/\/abcdoinvestidor.com\/wp-content\/uploads\/2023\/08\/CAPA-QUADRANTE-2.png 391w, https:\/\/abcdoinvestidor.com\/wp-content\/uploads\/2023\/08\/CAPA-QUADRANTE-2-224x300.png 224w\" sizes=\"(max-width: 391px) 100vw, 391px\" \/>\t\t\t\t\t\t\t\t\t\t\t\t\t\t\t<\/div>\n\t\t\t\t<\/div>\n\t\t\t\t<div class=\"elementor-element elementor-element-7d66db2 elementor-widget elementor-widget-text-editor\" data-id=\"7d66db2\" data-element_type=\"widget\" data-e-type=\"widget\" data-widget_type=\"text-editor.default\">\n\t\t\t\t<div class=\"elementor-widget-container\">\n\t\t\t\t\t\t\t\t\t<h4><strong>Ensino M\u00e9dio Matem\u00e1tica 2\u00ba Ano\u00a0<\/strong><\/h4>\t\t\t\t\t\t\t\t<\/div>\n\t\t\t\t<\/div>\n\t\t\t\t<div class=\"elementor-element elementor-element-c1eda8e elementor-widget elementor-widget-button\" data-id=\"c1eda8e\" data-element_type=\"widget\" data-e-type=\"widget\" data-widget_type=\"button.default\">\n\t\t\t\t<div class=\"elementor-widget-container\">\n\t\t\t\t\t\t\t\t\t<div class=\"elementor-button-wrapper\">\n\t\t\t\t\t<a class=\"elementor-button elementor-button-link elementor-size-sm\" href=\"https:\/\/abcdoinvestidor.com\/wp-content\/uploads\/2023\/08\/Quadrante-Matematica-2-Ensino-Medio-Eduardo-Chavante.pdf\" download=\"\">\n\t\t\t\t\t\t<span class=\"elementor-button-content-wrapper\">\n\t\t\t\t\t\t<span class=\"elementor-button-icon\">\n\t\t\t\t<i aria-hidden=\"true\" class=\"fas fa-download\"><\/i>\t\t\t<\/span>\n\t\t\t\t\t\t\t\t\t<span class=\"elementor-button-text\">Baixe agora<\/span>\n\t\t\t\t\t<\/span>\n\t\t\t\t\t<\/a>\n\t\t\t\t<\/div>\n\t\t\t\t\t\t\t\t<\/div>\n\t\t\t\t<\/div>\n\t\t\t\t\t<\/div>\n\t\t<\/div>\n\t\t\t\t<div class=\"elementor-column elementor-col-33 elementor-top-column elementor-element elementor-element-224116e\" data-id=\"224116e\" data-element_type=\"column\" data-e-type=\"column\">\n\t\t\t<div class=\"elementor-widget-wrap elementor-element-populated\">\n\t\t\t\t\t\t<div class=\"elementor-element elementor-element-dcd576c elementor-widget elementor-widget-image\" data-id=\"dcd576c\" data-element_type=\"widget\" data-e-type=\"widget\" data-widget_type=\"image.default\">\n\t\t\t\t<div class=\"elementor-widget-container\">\n\t\t\t\t\t\t\t\t\t\t\t\t\t\t\t<img decoding=\"async\" width=\"391\" height=\"524\" src=\"https:\/\/abcdoinvestidor.com\/wp-content\/uploads\/2023\/08\/CAPA-QUADRANTE-3.png\" class=\"attachment-large size-large wp-image-1719\" alt=\"\" srcset=\"https:\/\/abcdoinvestidor.com\/wp-content\/uploads\/2023\/08\/CAPA-QUADRANTE-3.png 391w, https:\/\/abcdoinvestidor.com\/wp-content\/uploads\/2023\/08\/CAPA-QUADRANTE-3-224x300.png 224w\" sizes=\"(max-width: 391px) 100vw, 391px\" \/>\t\t\t\t\t\t\t\t\t\t\t\t\t\t\t<\/div>\n\t\t\t\t<\/div>\n\t\t\t\t<div class=\"elementor-element elementor-element-7b4826f elementor-widget elementor-widget-text-editor\" data-id=\"7b4826f\" data-element_type=\"widget\" data-e-type=\"widget\" data-widget_type=\"text-editor.default\">\n\t\t\t\t<div class=\"elementor-widget-container\">\n\t\t\t\t\t\t\t\t\t<h4><strong>Ensino M\u00e9dio Matem\u00e1tica 3\u00ba Ano<\/strong><\/h4>\t\t\t\t\t\t\t\t<\/div>\n\t\t\t\t<\/div>\n\t\t\t\t<div class=\"elementor-element elementor-element-997b23a elementor-widget elementor-widget-button\" data-id=\"997b23a\" data-element_type=\"widget\" data-e-type=\"widget\" data-widget_type=\"button.default\">\n\t\t\t\t<div class=\"elementor-widget-container\">\n\t\t\t\t\t\t\t\t\t<div class=\"elementor-button-wrapper\">\n\t\t\t\t\t<a class=\"elementor-button elementor-button-link elementor-size-sm\" href=\"https:\/\/abcdoinvestidor.com\/wp-content\/uploads\/2023\/08\/Quadrante-Matematica-3-Ensino-Medio-Eduardo-Chavate.pdf\" download=\"\">\n\t\t\t\t\t\t<span class=\"elementor-button-content-wrapper\">\n\t\t\t\t\t\t<span class=\"elementor-button-icon\">\n\t\t\t\t<i aria-hidden=\"true\" class=\"fas fa-download\"><\/i>\t\t\t<\/span>\n\t\t\t\t\t\t\t\t\t<span class=\"elementor-button-text\">Baixe agora<\/span>\n\t\t\t\t\t<\/span>\n\t\t\t\t\t<\/a>\n\t\t\t\t<\/div>\n\t\t\t\t\t\t\t\t<\/div>\n\t\t\t\t<\/div>\n\t\t\t\t\t<\/div>\n\t\t<\/div>\n\t\t\t\t\t<\/div>\n\t\t<\/section>\n\t\t\t\t<\/div>\n\t\t","protected":false},"excerpt":{"rendered":"<p>Baixe agora os melhores livros gratuitos de educa\u00e7\u00e3o. Ensino M\u00e9dio Matem\u00e1tica 1\u00ba Ano\u00a0 Baixe agora Ensino M\u00e9dio Matem\u00e1tica 2\u00ba Ano\u00a0<\/p>\n","protected":false},"author":1,"featured_media":0,"parent":474,"menu_order":0,"comment_status":"closed","ping_status":"closed","template":"","meta":{"colormag_page_container_layout":"default_layout","colormag_page_sidebar_layout":"default_layout","footnotes":""},"class_list":["post-1702","page","type-page","status-publish","hentry"],"yoast_head":"<!-- This site is optimized with the Yoast SEO plugin v27.4 - https:\/\/yoast.com\/product\/yoast-seo-wordpress\/ -->\n<title>LIVROS GRATUITOS - UNIVERSO ESCOLAR<\/title>\n<meta name=\"description\" content=\"Baixe agora os melhores livros gratuitos de educa\u00e7\u00e3o matem\u00e1tica, financeira, empreendedora e muito mais. Tudo 100% gr\u00e1tis.\" \/>\n<meta name=\"robots\" content=\"index, follow, max-snippet:-1, max-image-preview:large, max-video-preview:-1\" \/>\n<link rel=\"canonical\" href=\"https:\/\/abcdoinvestidor.com\/index.php\/matematica\/livros-gratuitos\/\" \/>\n<meta property=\"og:locale\" content=\"pt_BR\" \/>\n<meta property=\"og:type\" content=\"article\" \/>\n<meta property=\"og:title\" content=\"LIVROS GRATUITOS - UNIVERSO ESCOLAR\" \/>\n<meta property=\"og:description\" content=\"Baixe agora os melhores livros gratuitos de educa\u00e7\u00e3o matem\u00e1tica, financeira, empreendedora e muito mais. Tudo 100% gr\u00e1tis.\" \/>\n<meta property=\"og:url\" content=\"https:\/\/abcdoinvestidor.com\/index.php\/matematica\/livros-gratuitos\/\" \/>\n<meta property=\"og:site_name\" content=\"UNIVERSO ESCOLAR\" \/>\n<meta property=\"article:publisher\" content=\"https:\/\/web.facebook.com\/abcdoinvestidorb3\" \/>\n<meta property=\"article:modified_time\" content=\"2023-08-24T23:33:23+00:00\" \/>\n<meta property=\"og:image\" content=\"https:\/\/abcdoinvestidor.com\/wp-content\/uploads\/2023\/08\/CAPA-QUADRANTE.png\" \/>\n<meta name=\"twitter:card\" content=\"summary_large_image\" \/>\n<meta name=\"twitter:label1\" content=\"Est. tempo de leitura\" \/>\n\t<meta name=\"twitter:data1\" content=\"1 minuto\" \/>\n<script type=\"application\/ld+json\" class=\"yoast-schema-graph\">{\"@context\":\"https:\\\/\\\/schema.org\",\"@graph\":[{\"@type\":\"WebPage\",\"@id\":\"https:\\\/\\\/abcdoinvestidor.com\\\/index.php\\\/matematica\\\/livros-gratuitos\\\/\",\"url\":\"https:\\\/\\\/abcdoinvestidor.com\\\/index.php\\\/matematica\\\/livros-gratuitos\\\/\",\"name\":\"LIVROS GRATUITOS - UNIVERSO ESCOLAR\",\"isPartOf\":{\"@id\":\"https:\\\/\\\/abcdoinvestidor.com\\\/#website\"},\"primaryImageOfPage\":{\"@id\":\"https:\\\/\\\/abcdoinvestidor.com\\\/index.php\\\/matematica\\\/livros-gratuitos\\\/#primaryimage\"},\"image\":{\"@id\":\"https:\\\/\\\/abcdoinvestidor.com\\\/index.php\\\/matematica\\\/livros-gratuitos\\\/#primaryimage\"},\"thumbnailUrl\":\"https:\\\/\\\/abcdoinvestidor.com\\\/wp-content\\\/uploads\\\/2023\\\/08\\\/CAPA-QUADRANTE.png\",\"datePublished\":\"2023-08-24T23:11:20+00:00\",\"dateModified\":\"2023-08-24T23:33:23+00:00\",\"description\":\"Baixe agora os melhores livros gratuitos de educa\u00e7\u00e3o matem\u00e1tica, financeira, empreendedora e muito mais. Tudo 100% gr\u00e1tis.\",\"breadcrumb\":{\"@id\":\"https:\\\/\\\/abcdoinvestidor.com\\\/index.php\\\/matematica\\\/livros-gratuitos\\\/#breadcrumb\"},\"inLanguage\":\"pt-BR\",\"potentialAction\":[{\"@type\":\"ReadAction\",\"target\":[\"https:\\\/\\\/abcdoinvestidor.com\\\/index.php\\\/matematica\\\/livros-gratuitos\\\/\"]}]},{\"@type\":\"ImageObject\",\"inLanguage\":\"pt-BR\",\"@id\":\"https:\\\/\\\/abcdoinvestidor.com\\\/index.php\\\/matematica\\\/livros-gratuitos\\\/#primaryimage\",\"url\":\"https:\\\/\\\/abcdoinvestidor.com\\\/wp-content\\\/uploads\\\/2023\\\/08\\\/CAPA-QUADRANTE.png\",\"contentUrl\":\"https:\\\/\\\/abcdoinvestidor.com\\\/wp-content\\\/uploads\\\/2023\\\/08\\\/CAPA-QUADRANTE.png\",\"width\":393,\"height\":525},{\"@type\":\"BreadcrumbList\",\"@id\":\"https:\\\/\\\/abcdoinvestidor.com\\\/index.php\\\/matematica\\\/livros-gratuitos\\\/#breadcrumb\",\"itemListElement\":[{\"@type\":\"ListItem\",\"position\":1,\"name\":\"In\u00edcio\",\"item\":\"https:\\\/\\\/abcdoinvestidor.com\\\/\"},{\"@type\":\"ListItem\",\"position\":2,\"name\":\"UNIVERSO ESCOLAR\",\"item\":\"https:\\\/\\\/abcdoinvestidor.com\\\/index.php\\\/matematica\\\/\"},{\"@type\":\"ListItem\",\"position\":3,\"name\":\"LIVROS GRATUITOS\"}]},{\"@type\":\"WebSite\",\"@id\":\"https:\\\/\\\/abcdoinvestidor.com\\\/#website\",\"url\":\"https:\\\/\\\/abcdoinvestidor.com\\\/\",\"name\":\"UNIVERSO ESCOLAR\",\"description\":\"Ol\u00e1, bem-vindos ao mundo do conhecimento matem\u00e1tico, f\u00edsico, qu\u00edmico e muito mais. Este \u00e9 um espa\u00e7o para aprender de forma f\u00e1cil e simples.\",\"publisher\":{\"@id\":\"https:\\\/\\\/abcdoinvestidor.com\\\/#organization\"},\"potentialAction\":[{\"@type\":\"SearchAction\",\"target\":{\"@type\":\"EntryPoint\",\"urlTemplate\":\"https:\\\/\\\/abcdoinvestidor.com\\\/?s={search_term_string}\"},\"query-input\":{\"@type\":\"PropertyValueSpecification\",\"valueRequired\":true,\"valueName\":\"search_term_string\"}}],\"inLanguage\":\"pt-BR\"},{\"@type\":\"Organization\",\"@id\":\"https:\\\/\\\/abcdoinvestidor.com\\\/#organization\",\"name\":\"UNIVERSO ESCOLAR\",\"url\":\"https:\\\/\\\/abcdoinvestidor.com\\\/\",\"logo\":{\"@type\":\"ImageObject\",\"inLanguage\":\"pt-BR\",\"@id\":\"https:\\\/\\\/abcdoinvestidor.com\\\/#\\\/schema\\\/logo\\\/image\\\/\",\"url\":\"\",\"contentUrl\":\"\",\"caption\":\"UNIVERSO ESCOLAR\"},\"image\":{\"@id\":\"https:\\\/\\\/abcdoinvestidor.com\\\/#\\\/schema\\\/logo\\\/image\\\/\"},\"sameAs\":[\"https:\\\/\\\/web.facebook.com\\\/abcdoinvestidorb3\"]}]}<\/script>\n<!-- \/ Yoast SEO plugin. -->","yoast_head_json":{"title":"LIVROS GRATUITOS - UNIVERSO ESCOLAR","description":"Baixe agora os melhores livros gratuitos de educa\u00e7\u00e3o matem\u00e1tica, financeira, empreendedora e muito mais. Tudo 100% gr\u00e1tis.","robots":{"index":"index","follow":"follow","max-snippet":"max-snippet:-1","max-image-preview":"max-image-preview:large","max-video-preview":"max-video-preview:-1"},"canonical":"https:\/\/abcdoinvestidor.com\/index.php\/matematica\/livros-gratuitos\/","og_locale":"pt_BR","og_type":"article","og_title":"LIVROS GRATUITOS - UNIVERSO ESCOLAR","og_description":"Baixe agora os melhores livros gratuitos de educa\u00e7\u00e3o matem\u00e1tica, financeira, empreendedora e muito mais. Tudo 100% gr\u00e1tis.","og_url":"https:\/\/abcdoinvestidor.com\/index.php\/matematica\/livros-gratuitos\/","og_site_name":"UNIVERSO ESCOLAR","article_publisher":"https:\/\/web.facebook.com\/abcdoinvestidorb3","article_modified_time":"2023-08-24T23:33:23+00:00","og_image":[{"url":"https:\/\/abcdoinvestidor.com\/wp-content\/uploads\/2023\/08\/CAPA-QUADRANTE.png","type":"","width":"","height":""}],"twitter_card":"summary_large_image","twitter_misc":{"Est. tempo de leitura":"1 minuto"},"schema":{"@context":"https:\/\/schema.org","@graph":[{"@type":"WebPage","@id":"https:\/\/abcdoinvestidor.com\/index.php\/matematica\/livros-gratuitos\/","url":"https:\/\/abcdoinvestidor.com\/index.php\/matematica\/livros-gratuitos\/","name":"LIVROS GRATUITOS - UNIVERSO ESCOLAR","isPartOf":{"@id":"https:\/\/abcdoinvestidor.com\/#website"},"primaryImageOfPage":{"@id":"https:\/\/abcdoinvestidor.com\/index.php\/matematica\/livros-gratuitos\/#primaryimage"},"image":{"@id":"https:\/\/abcdoinvestidor.com\/index.php\/matematica\/livros-gratuitos\/#primaryimage"},"thumbnailUrl":"https:\/\/abcdoinvestidor.com\/wp-content\/uploads\/2023\/08\/CAPA-QUADRANTE.png","datePublished":"2023-08-24T23:11:20+00:00","dateModified":"2023-08-24T23:33:23+00:00","description":"Baixe agora os melhores livros gratuitos de educa\u00e7\u00e3o matem\u00e1tica, financeira, empreendedora e muito mais. Tudo 100% gr\u00e1tis.","breadcrumb":{"@id":"https:\/\/abcdoinvestidor.com\/index.php\/matematica\/livros-gratuitos\/#breadcrumb"},"inLanguage":"pt-BR","potentialAction":[{"@type":"ReadAction","target":["https:\/\/abcdoinvestidor.com\/index.php\/matematica\/livros-gratuitos\/"]}]},{"@type":"ImageObject","inLanguage":"pt-BR","@id":"https:\/\/abcdoinvestidor.com\/index.php\/matematica\/livros-gratuitos\/#primaryimage","url":"https:\/\/abcdoinvestidor.com\/wp-content\/uploads\/2023\/08\/CAPA-QUADRANTE.png","contentUrl":"https:\/\/abcdoinvestidor.com\/wp-content\/uploads\/2023\/08\/CAPA-QUADRANTE.png","width":393,"height":525},{"@type":"BreadcrumbList","@id":"https:\/\/abcdoinvestidor.com\/index.php\/matematica\/livros-gratuitos\/#breadcrumb","itemListElement":[{"@type":"ListItem","position":1,"name":"In\u00edcio","item":"https:\/\/abcdoinvestidor.com\/"},{"@type":"ListItem","position":2,"name":"UNIVERSO ESCOLAR","item":"https:\/\/abcdoinvestidor.com\/index.php\/matematica\/"},{"@type":"ListItem","position":3,"name":"LIVROS GRATUITOS"}]},{"@type":"WebSite","@id":"https:\/\/abcdoinvestidor.com\/#website","url":"https:\/\/abcdoinvestidor.com\/","name":"UNIVERSO ESCOLAR","description":"Ol\u00e1, bem-vindos ao mundo do conhecimento matem\u00e1tico, f\u00edsico, qu\u00edmico e muito mais. Este \u00e9 um espa\u00e7o para aprender de forma f\u00e1cil e simples.","publisher":{"@id":"https:\/\/abcdoinvestidor.com\/#organization"},"potentialAction":[{"@type":"SearchAction","target":{"@type":"EntryPoint","urlTemplate":"https:\/\/abcdoinvestidor.com\/?s={search_term_string}"},"query-input":{"@type":"PropertyValueSpecification","valueRequired":true,"valueName":"search_term_string"}}],"inLanguage":"pt-BR"},{"@type":"Organization","@id":"https:\/\/abcdoinvestidor.com\/#organization","name":"UNIVERSO ESCOLAR","url":"https:\/\/abcdoinvestidor.com\/","logo":{"@type":"ImageObject","inLanguage":"pt-BR","@id":"https:\/\/abcdoinvestidor.com\/#\/schema\/logo\/image\/","url":"","contentUrl":"","caption":"UNIVERSO ESCOLAR"},"image":{"@id":"https:\/\/abcdoinvestidor.com\/#\/schema\/logo\/image\/"},"sameAs":["https:\/\/web.facebook.com\/abcdoinvestidorb3"]}]}},"_hostinger_reach_plugin_has_subscription_block":false,"_hostinger_reach_plugin_is_elementor":false,"_links":{"self":[{"href":"https:\/\/abcdoinvestidor.com\/index.php\/wp-json\/wp\/v2\/pages\/1702","targetHints":{"allow":["GET"]}}],"collection":[{"href":"https:\/\/abcdoinvestidor.com\/index.php\/wp-json\/wp\/v2\/pages"}],"about":[{"href":"https:\/\/abcdoinvestidor.com\/index.php\/wp-json\/wp\/v2\/types\/page"}],"author":[{"embeddable":true,"href":"https:\/\/abcdoinvestidor.com\/index.php\/wp-json\/wp\/v2\/users\/1"}],"replies":[{"embeddable":true,"href":"https:\/\/abcdoinvestidor.com\/index.php\/wp-json\/wp\/v2\/comments?post=1702"}],"version-history":[{"count":22,"href":"https:\/\/abcdoinvestidor.com\/index.php\/wp-json\/wp\/v2\/pages\/1702\/revisions"}],"predecessor-version":[{"id":1728,"href":"https:\/\/abcdoinvestidor.com\/index.php\/wp-json\/wp\/v2\/pages\/1702\/revisions\/1728"}],"up":[{"embeddable":true,"href":"https:\/\/abcdoinvestidor.com\/index.php\/wp-json\/wp\/v2\/pages\/474"}],"wp:attachment":[{"href":"https:\/\/abcdoinvestidor.com\/index.php\/wp-json\/wp\/v2\/media?parent=1702"}],"curies":[{"name":"wp","href":"https:\/\/api.w.org\/{rel}","templated":true}]}}