{"id":1396,"date":"2023-07-12T14:09:54","date_gmt":"2023-07-12T17:09:54","guid":{"rendered":"https:\/\/abcdoinvestidor.com\/?page_id=1396"},"modified":"2023-07-15T20:54:07","modified_gmt":"2023-07-15T23:54:07","slug":"turma-6o-ano","status":"publish","type":"page","link":"https:\/\/abcdoinvestidor.com\/index.php\/matematica\/turma-6o-ano\/","title":{"rendered":"TURMA 6\u00ba ANO"},"content":{"rendered":"\t\t<div data-elementor-type=\"wp-page\" data-elementor-id=\"1396\" class=\"elementor elementor-1396\">\n\t\t\t\t\t\t<section class=\"elementor-section elementor-top-section elementor-element elementor-element-28d2e5ec elementor-section-boxed elementor-section-height-default elementor-section-height-default\" data-id=\"28d2e5ec\" data-element_type=\"section\" data-e-type=\"section\">\n\t\t\t\t\t\t<div class=\"elementor-container elementor-column-gap-default\">\n\t\t\t\t\t<div class=\"elementor-column elementor-col-100 elementor-top-column elementor-element elementor-element-8377fd4\" data-id=\"8377fd4\" data-element_type=\"column\" data-e-type=\"column\">\n\t\t\t<div class=\"elementor-widget-wrap elementor-element-populated\">\n\t\t\t\t\t\t<div class=\"elementor-element elementor-element-58366795 elementor-widget elementor-widget-text-editor\" data-id=\"58366795\" data-element_type=\"widget\" data-e-type=\"widget\" data-widget_type=\"text-editor.default\">\n\t\t\t\t<div class=\"elementor-widget-container\">\n\t\t\t\t\t\t\t\t\tNesta p\u00e1gina voc\u00ea ir\u00e1 encontrar os conte\u00fados para a turma do 6\u00ba ano como assuntos, exerc\u00edcios e v\u00eddeos explicativos.\t\t\t\t\t\t\t\t<\/div>\n\t\t\t\t<\/div>\n\t\t\t\t\t<\/div>\n\t\t<\/div>\n\t\t\t\t\t<\/div>\n\t\t<\/section>\n\t\t\t\t<section class=\"elementor-section elementor-top-section elementor-element elementor-element-7116808 elementor-section-boxed elementor-section-height-default elementor-section-height-default\" data-id=\"7116808\" data-element_type=\"section\" data-e-type=\"section\">\n\t\t\t\t\t\t<div class=\"elementor-container elementor-column-gap-default\">\n\t\t\t\t\t<div class=\"elementor-column elementor-col-25 elementor-top-column elementor-element elementor-element-ea173db\" data-id=\"ea173db\" data-element_type=\"column\" data-e-type=\"column\">\n\t\t\t<div class=\"elementor-widget-wrap elementor-element-populated\">\n\t\t\t\t\t\t<div class=\"elementor-element elementor-element-0936c68 elementor-widget elementor-widget-image\" data-id=\"0936c68\" data-element_type=\"widget\" data-e-type=\"widget\" data-widget_type=\"image.default\">\n\t\t\t\t<div class=\"elementor-widget-container\">\n\t\t\t\t\t\t\t\t\t\t\t\t\t\t\t<img fetchpriority=\"high\" decoding=\"async\" width=\"306\" height=\"165\" src=\"https:\/\/abcdoinvestidor.com\/wp-content\/uploads\/2023\/07\/imagens-para-raciocinio-6-ano.jpg\" class=\"attachment-large size-large wp-image-1439\" alt=\"\" srcset=\"https:\/\/abcdoinvestidor.com\/wp-content\/uploads\/2023\/07\/imagens-para-raciocinio-6-ano.jpg 306w, https:\/\/abcdoinvestidor.com\/wp-content\/uploads\/2023\/07\/imagens-para-raciocinio-6-ano-300x162.jpg 300w\" sizes=\"(max-width: 306px) 100vw, 306px\" \/>\t\t\t\t\t\t\t\t\t\t\t\t\t\t\t<\/div>\n\t\t\t\t<\/div>\n\t\t\t\t<div class=\"elementor-element elementor-element-7d0dbd1 elementor-widget elementor-widget-text-editor\" data-id=\"7d0dbd1\" data-element_type=\"widget\" data-e-type=\"widget\" data-widget_type=\"text-editor.default\">\n\t\t\t\t<div class=\"elementor-widget-container\">\n\t\t\t\t\t\t\t\t\t<p><strong>RACIOC\u00cdNIO L\u00d3GICO &#8211;\u00a0 Aula 1 <a href=\"https:\/\/abcdoinvestidor.com\/index.php\/2023\/07\/15\/quantas-casas-no-lado-impar-da-rua-onde-marina-mora\/\">clique aqui<\/a><\/strong><\/p>\t\t\t\t\t\t\t\t<\/div>\n\t\t\t\t<\/div>\n\t\t\t\t\t<\/div>\n\t\t<\/div>\n\t\t\t\t<div class=\"elementor-column elementor-col-25 elementor-top-column elementor-element elementor-element-3cad5a4\" data-id=\"3cad5a4\" data-element_type=\"column\" data-e-type=\"column\">\n\t\t\t<div class=\"elementor-widget-wrap\">\n\t\t\t\t\t\t\t<\/div>\n\t\t<\/div>\n\t\t\t\t<div class=\"elementor-column elementor-col-25 elementor-top-column elementor-element elementor-element-717338a\" data-id=\"717338a\" data-element_type=\"column\" data-e-type=\"column\">\n\t\t\t<div class=\"elementor-widget-wrap\">\n\t\t\t\t\t\t\t<\/div>\n\t\t<\/div>\n\t\t\t\t<div class=\"elementor-column elementor-col-25 elementor-top-column elementor-element elementor-element-8b54a87\" data-id=\"8b54a87\" data-element_type=\"column\" data-e-type=\"column\">\n\t\t\t<div class=\"elementor-widget-wrap\">\n\t\t\t\t\t\t\t<\/div>\n\t\t<\/div>\n\t\t\t\t\t<\/div>\n\t\t<\/section>\n\t\t\t\t<\/div>\n\t\t","protected":false},"excerpt":{"rendered":"<p>Nesta p\u00e1gina voc\u00ea ir\u00e1 encontrar os conte\u00fados para a turma do 6\u00ba ano como assuntos, exerc\u00edcios e v\u00eddeos explicativos. RACIOC\u00cdNIO<\/p>\n","protected":false},"author":1,"featured_media":1376,"parent":474,"menu_order":0,"comment_status":"closed","ping_status":"closed","template":"","meta":{"colormag_page_container_layout":"default_layout","colormag_page_sidebar_layout":"default_layout","footnotes":""},"class_list":["post-1396","page","type-page","status-publish","has-post-thumbnail","hentry"],"yoast_head":"<!-- This site is optimized with the Yoast SEO plugin v27.4 - https:\/\/yoast.com\/product\/yoast-seo-wordpress\/ -->\n<title>TURMA 6\u00ba ANO - UNIVERSO ESCOLAR<\/title>\n<meta name=\"description\" content=\"Nesta p\u00e1gina voc\u00ea ir\u00e1 encontrar os conte\u00fados para a turma do 6\u00ba ano como assuntos, exerc\u00edcios e v\u00eddeos explicativos.\" \/>\n<meta name=\"robots\" content=\"index, follow, max-snippet:-1, max-image-preview:large, max-video-preview:-1\" \/>\n<link rel=\"canonical\" href=\"https:\/\/abcdoinvestidor.com\/index.php\/matematica\/turma-6o-ano\/\" \/>\n<meta property=\"og:locale\" content=\"pt_BR\" \/>\n<meta property=\"og:type\" content=\"article\" \/>\n<meta property=\"og:title\" content=\"TURMA 6\u00ba ANO - UNIVERSO ESCOLAR\" \/>\n<meta property=\"og:description\" content=\"Nesta p\u00e1gina voc\u00ea ir\u00e1 encontrar os conte\u00fados para a turma do 6\u00ba ano como assuntos, exerc\u00edcios e v\u00eddeos explicativos.\" \/>\n<meta property=\"og:url\" content=\"https:\/\/abcdoinvestidor.com\/index.php\/matematica\/turma-6o-ano\/\" \/>\n<meta property=\"og:site_name\" content=\"UNIVERSO ESCOLAR\" \/>\n<meta property=\"article:publisher\" content=\"https:\/\/web.facebook.com\/abcdoinvestidorb3\" \/>\n<meta property=\"article:modified_time\" content=\"2023-07-15T23:54:07+00:00\" \/>\n<meta property=\"og:image\" content=\"https:\/\/abcdoinvestidor.com\/wp-content\/uploads\/2023\/07\/IMG_1746.jpeg\" \/>\n\t<meta property=\"og:image:width\" content=\"1783\" \/>\n\t<meta property=\"og:image:height\" content=\"1215\" \/>\n\t<meta property=\"og:image:type\" content=\"image\/jpeg\" \/>\n<meta name=\"twitter:card\" content=\"summary_large_image\" \/>\n<meta name=\"twitter:label1\" content=\"Est. tempo de leitura\" \/>\n\t<meta name=\"twitter:data1\" content=\"1 minuto\" \/>\n<script type=\"application\/ld+json\" class=\"yoast-schema-graph\">{\"@context\":\"https:\\\/\\\/schema.org\",\"@graph\":[{\"@type\":\"WebPage\",\"@id\":\"https:\\\/\\\/abcdoinvestidor.com\\\/index.php\\\/matematica\\\/turma-6o-ano\\\/\",\"url\":\"https:\\\/\\\/abcdoinvestidor.com\\\/index.php\\\/matematica\\\/turma-6o-ano\\\/\",\"name\":\"TURMA 6\u00ba ANO - UNIVERSO ESCOLAR\",\"isPartOf\":{\"@id\":\"https:\\\/\\\/abcdoinvestidor.com\\\/#website\"},\"primaryImageOfPage\":{\"@id\":\"https:\\\/\\\/abcdoinvestidor.com\\\/index.php\\\/matematica\\\/turma-6o-ano\\\/#primaryimage\"},\"image\":{\"@id\":\"https:\\\/\\\/abcdoinvestidor.com\\\/index.php\\\/matematica\\\/turma-6o-ano\\\/#primaryimage\"},\"thumbnailUrl\":\"https:\\\/\\\/abcdoinvestidor.com\\\/wp-content\\\/uploads\\\/2023\\\/07\\\/IMG_1746.jpeg\",\"datePublished\":\"2023-07-12T17:09:54+00:00\",\"dateModified\":\"2023-07-15T23:54:07+00:00\",\"description\":\"Nesta p\u00e1gina voc\u00ea ir\u00e1 encontrar os conte\u00fados para a turma do 6\u00ba ano como assuntos, exerc\u00edcios e v\u00eddeos explicativos.\",\"breadcrumb\":{\"@id\":\"https:\\\/\\\/abcdoinvestidor.com\\\/index.php\\\/matematica\\\/turma-6o-ano\\\/#breadcrumb\"},\"inLanguage\":\"pt-BR\",\"potentialAction\":[{\"@type\":\"ReadAction\",\"target\":[\"https:\\\/\\\/abcdoinvestidor.com\\\/index.php\\\/matematica\\\/turma-6o-ano\\\/\"]}]},{\"@type\":\"ImageObject\",\"inLanguage\":\"pt-BR\",\"@id\":\"https:\\\/\\\/abcdoinvestidor.com\\\/index.php\\\/matematica\\\/turma-6o-ano\\\/#primaryimage\",\"url\":\"https:\\\/\\\/abcdoinvestidor.com\\\/wp-content\\\/uploads\\\/2023\\\/07\\\/IMG_1746.jpeg\",\"contentUrl\":\"https:\\\/\\\/abcdoinvestidor.com\\\/wp-content\\\/uploads\\\/2023\\\/07\\\/IMG_1746.jpeg\",\"width\":1783,\"height\":1215},{\"@type\":\"BreadcrumbList\",\"@id\":\"https:\\\/\\\/abcdoinvestidor.com\\\/index.php\\\/matematica\\\/turma-6o-ano\\\/#breadcrumb\",\"itemListElement\":[{\"@type\":\"ListItem\",\"position\":1,\"name\":\"In\u00edcio\",\"item\":\"https:\\\/\\\/abcdoinvestidor.com\\\/\"},{\"@type\":\"ListItem\",\"position\":2,\"name\":\"UNIVERSO ESCOLAR\",\"item\":\"https:\\\/\\\/abcdoinvestidor.com\\\/index.php\\\/matematica\\\/\"},{\"@type\":\"ListItem\",\"position\":3,\"name\":\"TURMA 6\u00ba ANO\"}]},{\"@type\":\"WebSite\",\"@id\":\"https:\\\/\\\/abcdoinvestidor.com\\\/#website\",\"url\":\"https:\\\/\\\/abcdoinvestidor.com\\\/\",\"name\":\"UNIVERSO ESCOLAR\",\"description\":\"Ol\u00e1, bem-vindos ao mundo do conhecimento matem\u00e1tico, f\u00edsico, qu\u00edmico e muito mais. Este \u00e9 um espa\u00e7o para aprender de forma f\u00e1cil e simples.\",\"publisher\":{\"@id\":\"https:\\\/\\\/abcdoinvestidor.com\\\/#organization\"},\"potentialAction\":[{\"@type\":\"SearchAction\",\"target\":{\"@type\":\"EntryPoint\",\"urlTemplate\":\"https:\\\/\\\/abcdoinvestidor.com\\\/?s={search_term_string}\"},\"query-input\":{\"@type\":\"PropertyValueSpecification\",\"valueRequired\":true,\"valueName\":\"search_term_string\"}}],\"inLanguage\":\"pt-BR\"},{\"@type\":\"Organization\",\"@id\":\"https:\\\/\\\/abcdoinvestidor.com\\\/#organization\",\"name\":\"UNIVERSO ESCOLAR\",\"url\":\"https:\\\/\\\/abcdoinvestidor.com\\\/\",\"logo\":{\"@type\":\"ImageObject\",\"inLanguage\":\"pt-BR\",\"@id\":\"https:\\\/\\\/abcdoinvestidor.com\\\/#\\\/schema\\\/logo\\\/image\\\/\",\"url\":\"\",\"contentUrl\":\"\",\"caption\":\"UNIVERSO ESCOLAR\"},\"image\":{\"@id\":\"https:\\\/\\\/abcdoinvestidor.com\\\/#\\\/schema\\\/logo\\\/image\\\/\"},\"sameAs\":[\"https:\\\/\\\/web.facebook.com\\\/abcdoinvestidorb3\"]}]}<\/script>\n<!-- \/ Yoast SEO plugin. -->","yoast_head_json":{"title":"TURMA 6\u00ba ANO - UNIVERSO ESCOLAR","description":"Nesta p\u00e1gina voc\u00ea ir\u00e1 encontrar os conte\u00fados para a turma do 6\u00ba ano como assuntos, exerc\u00edcios e v\u00eddeos explicativos.","robots":{"index":"index","follow":"follow","max-snippet":"max-snippet:-1","max-image-preview":"max-image-preview:large","max-video-preview":"max-video-preview:-1"},"canonical":"https:\/\/abcdoinvestidor.com\/index.php\/matematica\/turma-6o-ano\/","og_locale":"pt_BR","og_type":"article","og_title":"TURMA 6\u00ba ANO - UNIVERSO ESCOLAR","og_description":"Nesta p\u00e1gina voc\u00ea ir\u00e1 encontrar os conte\u00fados para a turma do 6\u00ba ano como assuntos, exerc\u00edcios e v\u00eddeos explicativos.","og_url":"https:\/\/abcdoinvestidor.com\/index.php\/matematica\/turma-6o-ano\/","og_site_name":"UNIVERSO ESCOLAR","article_publisher":"https:\/\/web.facebook.com\/abcdoinvestidorb3","article_modified_time":"2023-07-15T23:54:07+00:00","og_image":[{"width":1783,"height":1215,"url":"https:\/\/abcdoinvestidor.com\/wp-content\/uploads\/2023\/07\/IMG_1746.jpeg","type":"image\/jpeg"}],"twitter_card":"summary_large_image","twitter_misc":{"Est. tempo de leitura":"1 minuto"},"schema":{"@context":"https:\/\/schema.org","@graph":[{"@type":"WebPage","@id":"https:\/\/abcdoinvestidor.com\/index.php\/matematica\/turma-6o-ano\/","url":"https:\/\/abcdoinvestidor.com\/index.php\/matematica\/turma-6o-ano\/","name":"TURMA 6\u00ba ANO - UNIVERSO ESCOLAR","isPartOf":{"@id":"https:\/\/abcdoinvestidor.com\/#website"},"primaryImageOfPage":{"@id":"https:\/\/abcdoinvestidor.com\/index.php\/matematica\/turma-6o-ano\/#primaryimage"},"image":{"@id":"https:\/\/abcdoinvestidor.com\/index.php\/matematica\/turma-6o-ano\/#primaryimage"},"thumbnailUrl":"https:\/\/abcdoinvestidor.com\/wp-content\/uploads\/2023\/07\/IMG_1746.jpeg","datePublished":"2023-07-12T17:09:54+00:00","dateModified":"2023-07-15T23:54:07+00:00","description":"Nesta p\u00e1gina voc\u00ea ir\u00e1 encontrar os conte\u00fados para a turma do 6\u00ba ano como assuntos, exerc\u00edcios e v\u00eddeos explicativos.","breadcrumb":{"@id":"https:\/\/abcdoinvestidor.com\/index.php\/matematica\/turma-6o-ano\/#breadcrumb"},"inLanguage":"pt-BR","potentialAction":[{"@type":"ReadAction","target":["https:\/\/abcdoinvestidor.com\/index.php\/matematica\/turma-6o-ano\/"]}]},{"@type":"ImageObject","inLanguage":"pt-BR","@id":"https:\/\/abcdoinvestidor.com\/index.php\/matematica\/turma-6o-ano\/#primaryimage","url":"https:\/\/abcdoinvestidor.com\/wp-content\/uploads\/2023\/07\/IMG_1746.jpeg","contentUrl":"https:\/\/abcdoinvestidor.com\/wp-content\/uploads\/2023\/07\/IMG_1746.jpeg","width":1783,"height":1215},{"@type":"BreadcrumbList","@id":"https:\/\/abcdoinvestidor.com\/index.php\/matematica\/turma-6o-ano\/#breadcrumb","itemListElement":[{"@type":"ListItem","position":1,"name":"In\u00edcio","item":"https:\/\/abcdoinvestidor.com\/"},{"@type":"ListItem","position":2,"name":"UNIVERSO ESCOLAR","item":"https:\/\/abcdoinvestidor.com\/index.php\/matematica\/"},{"@type":"ListItem","position":3,"name":"TURMA 6\u00ba ANO"}]},{"@type":"WebSite","@id":"https:\/\/abcdoinvestidor.com\/#website","url":"https:\/\/abcdoinvestidor.com\/","name":"UNIVERSO ESCOLAR","description":"Ol\u00e1, bem-vindos ao mundo do conhecimento matem\u00e1tico, f\u00edsico, qu\u00edmico e muito mais. Este \u00e9 um espa\u00e7o para aprender de forma f\u00e1cil e simples.","publisher":{"@id":"https:\/\/abcdoinvestidor.com\/#organization"},"potentialAction":[{"@type":"SearchAction","target":{"@type":"EntryPoint","urlTemplate":"https:\/\/abcdoinvestidor.com\/?s={search_term_string}"},"query-input":{"@type":"PropertyValueSpecification","valueRequired":true,"valueName":"search_term_string"}}],"inLanguage":"pt-BR"},{"@type":"Organization","@id":"https:\/\/abcdoinvestidor.com\/#organization","name":"UNIVERSO ESCOLAR","url":"https:\/\/abcdoinvestidor.com\/","logo":{"@type":"ImageObject","inLanguage":"pt-BR","@id":"https:\/\/abcdoinvestidor.com\/#\/schema\/logo\/image\/","url":"","contentUrl":"","caption":"UNIVERSO ESCOLAR"},"image":{"@id":"https:\/\/abcdoinvestidor.com\/#\/schema\/logo\/image\/"},"sameAs":["https:\/\/web.facebook.com\/abcdoinvestidorb3"]}]}},"_hostinger_reach_plugin_has_subscription_block":false,"_hostinger_reach_plugin_is_elementor":false,"_links":{"self":[{"href":"https:\/\/abcdoinvestidor.com\/index.php\/wp-json\/wp\/v2\/pages\/1396","targetHints":{"allow":["GET"]}}],"collection":[{"href":"https:\/\/abcdoinvestidor.com\/index.php\/wp-json\/wp\/v2\/pages"}],"about":[{"href":"https:\/\/abcdoinvestidor.com\/index.php\/wp-json\/wp\/v2\/types\/page"}],"author":[{"embeddable":true,"href":"https:\/\/abcdoinvestidor.com\/index.php\/wp-json\/wp\/v2\/users\/1"}],"replies":[{"embeddable":true,"href":"https:\/\/abcdoinvestidor.com\/index.php\/wp-json\/wp\/v2\/comments?post=1396"}],"version-history":[{"count":4,"href":"https:\/\/abcdoinvestidor.com\/index.php\/wp-json\/wp\/v2\/pages\/1396\/revisions"}],"predecessor-version":[{"id":1442,"href":"https:\/\/abcdoinvestidor.com\/index.php\/wp-json\/wp\/v2\/pages\/1396\/revisions\/1442"}],"up":[{"embeddable":true,"href":"https:\/\/abcdoinvestidor.com\/index.php\/wp-json\/wp\/v2\/pages\/474"}],"wp:featuredmedia":[{"embeddable":true,"href":"https:\/\/abcdoinvestidor.com\/index.php\/wp-json\/wp\/v2\/media\/1376"}],"wp:attachment":[{"href":"https:\/\/abcdoinvestidor.com\/index.php\/wp-json\/wp\/v2\/media?parent=1396"}],"curies":[{"name":"wp","href":"https:\/\/api.w.org\/{rel}","templated":true}]}}