{"id":1385,"date":"2023-07-12T13:27:18","date_gmt":"2023-07-12T16:27:18","guid":{"rendered":"https:\/\/abcdoinvestidor.com\/?page_id=1385"},"modified":"2023-07-12T14:05:05","modified_gmt":"2023-07-12T17:05:05","slug":"turma-7o-ano","status":"publish","type":"page","link":"https:\/\/abcdoinvestidor.com\/index.php\/matematica\/turma-7o-ano\/","title":{"rendered":"TURMA 7\u00ba ANO"},"content":{"rendered":"\t\t<div data-elementor-type=\"wp-page\" data-elementor-id=\"1385\" class=\"elementor elementor-1385\">\n\t\t\t\t\t\t<section class=\"elementor-section elementor-top-section elementor-element elementor-element-79d4f39 elementor-section-boxed elementor-section-height-default elementor-section-height-default\" data-id=\"79d4f39\" data-element_type=\"section\" data-e-type=\"section\">\n\t\t\t\t\t\t<div class=\"elementor-container elementor-column-gap-default\">\n\t\t\t\t\t<div class=\"elementor-column elementor-col-100 elementor-top-column elementor-element elementor-element-27f639b0\" data-id=\"27f639b0\" data-element_type=\"column\" data-e-type=\"column\">\n\t\t\t<div class=\"elementor-widget-wrap elementor-element-populated\">\n\t\t\t\t\t\t<div class=\"elementor-element elementor-element-28f10fa9 elementor-widget elementor-widget-text-editor\" data-id=\"28f10fa9\" data-element_type=\"widget\" data-e-type=\"widget\" data-widget_type=\"text-editor.default\">\n\t\t\t\t<div class=\"elementor-widget-container\">\n\t\t\t\t\t\t\t\t\t<p>Nesta p\u00e1gina voc\u00ea ir\u00e1 encontrar os conte\u00fados para a turma do 7\u00ba ano como assuntos, exerc\u00edcios e v\u00eddeos explicativos.<\/p>\t\t\t\t\t\t\t\t<\/div>\n\t\t\t\t<\/div>\n\t\t\t\t\t<\/div>\n\t\t<\/div>\n\t\t\t\t\t<\/div>\n\t\t<\/section>\n\t\t\t\t<section class=\"elementor-section elementor-top-section elementor-element elementor-element-6da0778 elementor-section-boxed elementor-section-height-default elementor-section-height-default\" data-id=\"6da0778\" data-element_type=\"section\" data-e-type=\"section\">\n\t\t\t\t\t\t<div class=\"elementor-container elementor-column-gap-default\">\n\t\t\t\t\t<div class=\"elementor-column elementor-col-25 elementor-top-column elementor-element elementor-element-3975e8a\" data-id=\"3975e8a\" data-element_type=\"column\" data-e-type=\"column\">\n\t\t\t<div class=\"elementor-widget-wrap elementor-element-populated\">\n\t\t\t\t\t\t<div class=\"elementor-element elementor-element-34aaee2 elementor-widget elementor-widget-image\" data-id=\"34aaee2\" data-element_type=\"widget\" data-e-type=\"widget\" data-widget_type=\"image.default\">\n\t\t\t\t<div class=\"elementor-widget-container\">\n\t\t\t\t\t\t\t\t\t\t\t\t\t\t\t<img fetchpriority=\"high\" decoding=\"async\" width=\"281\" height=\"296\" src=\"https:\/\/abcdoinvestidor.com\/wp-content\/uploads\/2023\/07\/Capturar3.png\" class=\"attachment-large size-large wp-image-1380\" alt=\"\" \/>\t\t\t\t\t\t\t\t\t\t\t\t\t\t\t<\/div>\n\t\t\t\t<\/div>\n\t\t\t\t<div class=\"elementor-element elementor-element-523280a elementor-widget elementor-widget-text-editor\" data-id=\"523280a\" data-element_type=\"widget\" data-e-type=\"widget\" data-widget_type=\"text-editor.default\">\n\t\t\t\t<div class=\"elementor-widget-container\">\n\t\t\t\t\t\t\t\t\t<p><strong>RACIOC\u00cdNIO L\u00d3GICO &#8211; Aula 1\u00a0 <a href=\"https:\/\/abcdoinvestidor.com\/index.php\/2023\/07\/11\/problemas-envolvendo-numeros-inteiros\/\">clique aqui<\/a><\/strong><\/p><p>\u00a0<\/p>\t\t\t\t\t\t\t\t<\/div>\n\t\t\t\t<\/div>\n\t\t\t\t\t<\/div>\n\t\t<\/div>\n\t\t\t\t<div class=\"elementor-column elementor-col-25 elementor-top-column elementor-element elementor-element-7bfad22\" data-id=\"7bfad22\" data-element_type=\"column\" data-e-type=\"column\">\n\t\t\t<div class=\"elementor-widget-wrap\">\n\t\t\t\t\t\t\t<\/div>\n\t\t<\/div>\n\t\t\t\t<div class=\"elementor-column elementor-col-25 elementor-top-column elementor-element elementor-element-cfde333\" data-id=\"cfde333\" data-element_type=\"column\" data-e-type=\"column\">\n\t\t\t<div class=\"elementor-widget-wrap\">\n\t\t\t\t\t\t\t<\/div>\n\t\t<\/div>\n\t\t\t\t<div class=\"elementor-column elementor-col-25 elementor-top-column elementor-element elementor-element-f54a0cd\" data-id=\"f54a0cd\" data-element_type=\"column\" data-e-type=\"column\">\n\t\t\t<div class=\"elementor-widget-wrap\">\n\t\t\t\t\t\t\t<\/div>\n\t\t<\/div>\n\t\t\t\t\t<\/div>\n\t\t<\/section>\n\t\t\t\t<\/div>\n\t\t","protected":false},"excerpt":{"rendered":"<p>Nesta p\u00e1gina voc\u00ea ir\u00e1 encontrar os conte\u00fados para a turma do 7\u00ba ano como assuntos, exerc\u00edcios e v\u00eddeos explicativos. RACIOC\u00cdNIO<\/p>\n","protected":false},"author":1,"featured_media":1377,"parent":474,"menu_order":0,"comment_status":"closed","ping_status":"closed","template":"","meta":{"colormag_page_container_layout":"default_layout","colormag_page_sidebar_layout":"default_layout","footnotes":""},"class_list":["post-1385","page","type-page","status-publish","has-post-thumbnail","hentry"],"yoast_head":"<!-- This site is optimized with the Yoast SEO plugin v27.4 - https:\/\/yoast.com\/product\/yoast-seo-wordpress\/ -->\n<title>TURMA 7\u00ba ANO - UNIVERSO ESCOLAR<\/title>\n<meta name=\"description\" content=\"Nesta p\u00e1gina voc\u00ea ir\u00e1 encontrar os conte\u00fados para a turma do 7\u00ba ano como assuntos, exerc\u00edcios e v\u00eddeos explicativos.\u00a0\u00a0\" \/>\n<meta name=\"robots\" content=\"index, follow, max-snippet:-1, max-image-preview:large, max-video-preview:-1\" \/>\n<link rel=\"canonical\" href=\"https:\/\/abcdoinvestidor.com\/index.php\/matematica\/turma-7o-ano\/\" \/>\n<meta property=\"og:locale\" content=\"pt_BR\" \/>\n<meta property=\"og:type\" content=\"article\" \/>\n<meta property=\"og:title\" content=\"TURMA 7\u00ba ANO - UNIVERSO ESCOLAR\" \/>\n<meta property=\"og:description\" content=\"Nesta p\u00e1gina voc\u00ea ir\u00e1 encontrar os conte\u00fados para a turma do 7\u00ba ano como assuntos, exerc\u00edcios e v\u00eddeos explicativos.\u00a0\u00a0\" \/>\n<meta property=\"og:url\" content=\"https:\/\/abcdoinvestidor.com\/index.php\/matematica\/turma-7o-ano\/\" \/>\n<meta property=\"og:site_name\" content=\"UNIVERSO ESCOLAR\" \/>\n<meta property=\"article:publisher\" content=\"https:\/\/web.facebook.com\/abcdoinvestidorb3\" \/>\n<meta property=\"article:modified_time\" content=\"2023-07-12T17:05:05+00:00\" \/>\n<meta property=\"og:image\" content=\"https:\/\/abcdoinvestidor.com\/wp-content\/uploads\/2023\/07\/IMG_1747.jpeg\" \/>\n\t<meta property=\"og:image:width\" content=\"1730\" \/>\n\t<meta property=\"og:image:height\" content=\"1229\" \/>\n\t<meta property=\"og:image:type\" content=\"image\/jpeg\" \/>\n<meta name=\"twitter:card\" content=\"summary_large_image\" \/>\n<meta name=\"twitter:label1\" content=\"Est. tempo de leitura\" \/>\n\t<meta name=\"twitter:data1\" content=\"1 minuto\" \/>\n<script type=\"application\/ld+json\" class=\"yoast-schema-graph\">{\"@context\":\"https:\\\/\\\/schema.org\",\"@graph\":[{\"@type\":\"WebPage\",\"@id\":\"https:\\\/\\\/abcdoinvestidor.com\\\/index.php\\\/matematica\\\/turma-7o-ano\\\/\",\"url\":\"https:\\\/\\\/abcdoinvestidor.com\\\/index.php\\\/matematica\\\/turma-7o-ano\\\/\",\"name\":\"TURMA 7\u00ba ANO - UNIVERSO ESCOLAR\",\"isPartOf\":{\"@id\":\"https:\\\/\\\/abcdoinvestidor.com\\\/#website\"},\"primaryImageOfPage\":{\"@id\":\"https:\\\/\\\/abcdoinvestidor.com\\\/index.php\\\/matematica\\\/turma-7o-ano\\\/#primaryimage\"},\"image\":{\"@id\":\"https:\\\/\\\/abcdoinvestidor.com\\\/index.php\\\/matematica\\\/turma-7o-ano\\\/#primaryimage\"},\"thumbnailUrl\":\"https:\\\/\\\/abcdoinvestidor.com\\\/wp-content\\\/uploads\\\/2023\\\/07\\\/IMG_1747.jpeg\",\"datePublished\":\"2023-07-12T16:27:18+00:00\",\"dateModified\":\"2023-07-12T17:05:05+00:00\",\"description\":\"Nesta p\u00e1gina voc\u00ea ir\u00e1 encontrar os conte\u00fados para a turma do 7\u00ba ano como assuntos, exerc\u00edcios e v\u00eddeos explicativos.\u00a0\u00a0\",\"breadcrumb\":{\"@id\":\"https:\\\/\\\/abcdoinvestidor.com\\\/index.php\\\/matematica\\\/turma-7o-ano\\\/#breadcrumb\"},\"inLanguage\":\"pt-BR\",\"potentialAction\":[{\"@type\":\"ReadAction\",\"target\":[\"https:\\\/\\\/abcdoinvestidor.com\\\/index.php\\\/matematica\\\/turma-7o-ano\\\/\"]}]},{\"@type\":\"ImageObject\",\"inLanguage\":\"pt-BR\",\"@id\":\"https:\\\/\\\/abcdoinvestidor.com\\\/index.php\\\/matematica\\\/turma-7o-ano\\\/#primaryimage\",\"url\":\"https:\\\/\\\/abcdoinvestidor.com\\\/wp-content\\\/uploads\\\/2023\\\/07\\\/IMG_1747.jpeg\",\"contentUrl\":\"https:\\\/\\\/abcdoinvestidor.com\\\/wp-content\\\/uploads\\\/2023\\\/07\\\/IMG_1747.jpeg\",\"width\":1730,\"height\":1229},{\"@type\":\"BreadcrumbList\",\"@id\":\"https:\\\/\\\/abcdoinvestidor.com\\\/index.php\\\/matematica\\\/turma-7o-ano\\\/#breadcrumb\",\"itemListElement\":[{\"@type\":\"ListItem\",\"position\":1,\"name\":\"In\u00edcio\",\"item\":\"https:\\\/\\\/abcdoinvestidor.com\\\/\"},{\"@type\":\"ListItem\",\"position\":2,\"name\":\"UNIVERSO ESCOLAR\",\"item\":\"https:\\\/\\\/abcdoinvestidor.com\\\/index.php\\\/matematica\\\/\"},{\"@type\":\"ListItem\",\"position\":3,\"name\":\"TURMA 7\u00ba ANO\"}]},{\"@type\":\"WebSite\",\"@id\":\"https:\\\/\\\/abcdoinvestidor.com\\\/#website\",\"url\":\"https:\\\/\\\/abcdoinvestidor.com\\\/\",\"name\":\"UNIVERSO ESCOLAR\",\"description\":\"Ol\u00e1, bem-vindos ao mundo do conhecimento matem\u00e1tico, f\u00edsico, qu\u00edmico e muito mais. Este \u00e9 um espa\u00e7o para aprender de forma f\u00e1cil e simples.\",\"publisher\":{\"@id\":\"https:\\\/\\\/abcdoinvestidor.com\\\/#organization\"},\"potentialAction\":[{\"@type\":\"SearchAction\",\"target\":{\"@type\":\"EntryPoint\",\"urlTemplate\":\"https:\\\/\\\/abcdoinvestidor.com\\\/?s={search_term_string}\"},\"query-input\":{\"@type\":\"PropertyValueSpecification\",\"valueRequired\":true,\"valueName\":\"search_term_string\"}}],\"inLanguage\":\"pt-BR\"},{\"@type\":\"Organization\",\"@id\":\"https:\\\/\\\/abcdoinvestidor.com\\\/#organization\",\"name\":\"UNIVERSO ESCOLAR\",\"url\":\"https:\\\/\\\/abcdoinvestidor.com\\\/\",\"logo\":{\"@type\":\"ImageObject\",\"inLanguage\":\"pt-BR\",\"@id\":\"https:\\\/\\\/abcdoinvestidor.com\\\/#\\\/schema\\\/logo\\\/image\\\/\",\"url\":\"\",\"contentUrl\":\"\",\"caption\":\"UNIVERSO ESCOLAR\"},\"image\":{\"@id\":\"https:\\\/\\\/abcdoinvestidor.com\\\/#\\\/schema\\\/logo\\\/image\\\/\"},\"sameAs\":[\"https:\\\/\\\/web.facebook.com\\\/abcdoinvestidorb3\"]}]}<\/script>\n<!-- \/ Yoast SEO plugin. -->","yoast_head_json":{"title":"TURMA 7\u00ba ANO - UNIVERSO ESCOLAR","description":"Nesta p\u00e1gina voc\u00ea ir\u00e1 encontrar os conte\u00fados para a turma do 7\u00ba ano como assuntos, exerc\u00edcios e v\u00eddeos explicativos.\u00a0\u00a0","robots":{"index":"index","follow":"follow","max-snippet":"max-snippet:-1","max-image-preview":"max-image-preview:large","max-video-preview":"max-video-preview:-1"},"canonical":"https:\/\/abcdoinvestidor.com\/index.php\/matematica\/turma-7o-ano\/","og_locale":"pt_BR","og_type":"article","og_title":"TURMA 7\u00ba ANO - UNIVERSO ESCOLAR","og_description":"Nesta p\u00e1gina voc\u00ea ir\u00e1 encontrar os conte\u00fados para a turma do 7\u00ba ano como assuntos, exerc\u00edcios e v\u00eddeos explicativos.\u00a0\u00a0","og_url":"https:\/\/abcdoinvestidor.com\/index.php\/matematica\/turma-7o-ano\/","og_site_name":"UNIVERSO ESCOLAR","article_publisher":"https:\/\/web.facebook.com\/abcdoinvestidorb3","article_modified_time":"2023-07-12T17:05:05+00:00","og_image":[{"width":1730,"height":1229,"url":"https:\/\/abcdoinvestidor.com\/wp-content\/uploads\/2023\/07\/IMG_1747.jpeg","type":"image\/jpeg"}],"twitter_card":"summary_large_image","twitter_misc":{"Est. tempo de leitura":"1 minuto"},"schema":{"@context":"https:\/\/schema.org","@graph":[{"@type":"WebPage","@id":"https:\/\/abcdoinvestidor.com\/index.php\/matematica\/turma-7o-ano\/","url":"https:\/\/abcdoinvestidor.com\/index.php\/matematica\/turma-7o-ano\/","name":"TURMA 7\u00ba ANO - UNIVERSO ESCOLAR","isPartOf":{"@id":"https:\/\/abcdoinvestidor.com\/#website"},"primaryImageOfPage":{"@id":"https:\/\/abcdoinvestidor.com\/index.php\/matematica\/turma-7o-ano\/#primaryimage"},"image":{"@id":"https:\/\/abcdoinvestidor.com\/index.php\/matematica\/turma-7o-ano\/#primaryimage"},"thumbnailUrl":"https:\/\/abcdoinvestidor.com\/wp-content\/uploads\/2023\/07\/IMG_1747.jpeg","datePublished":"2023-07-12T16:27:18+00:00","dateModified":"2023-07-12T17:05:05+00:00","description":"Nesta p\u00e1gina voc\u00ea ir\u00e1 encontrar os conte\u00fados para a turma do 7\u00ba ano como assuntos, exerc\u00edcios e v\u00eddeos explicativos.\u00a0\u00a0","breadcrumb":{"@id":"https:\/\/abcdoinvestidor.com\/index.php\/matematica\/turma-7o-ano\/#breadcrumb"},"inLanguage":"pt-BR","potentialAction":[{"@type":"ReadAction","target":["https:\/\/abcdoinvestidor.com\/index.php\/matematica\/turma-7o-ano\/"]}]},{"@type":"ImageObject","inLanguage":"pt-BR","@id":"https:\/\/abcdoinvestidor.com\/index.php\/matematica\/turma-7o-ano\/#primaryimage","url":"https:\/\/abcdoinvestidor.com\/wp-content\/uploads\/2023\/07\/IMG_1747.jpeg","contentUrl":"https:\/\/abcdoinvestidor.com\/wp-content\/uploads\/2023\/07\/IMG_1747.jpeg","width":1730,"height":1229},{"@type":"BreadcrumbList","@id":"https:\/\/abcdoinvestidor.com\/index.php\/matematica\/turma-7o-ano\/#breadcrumb","itemListElement":[{"@type":"ListItem","position":1,"name":"In\u00edcio","item":"https:\/\/abcdoinvestidor.com\/"},{"@type":"ListItem","position":2,"name":"UNIVERSO ESCOLAR","item":"https:\/\/abcdoinvestidor.com\/index.php\/matematica\/"},{"@type":"ListItem","position":3,"name":"TURMA 7\u00ba ANO"}]},{"@type":"WebSite","@id":"https:\/\/abcdoinvestidor.com\/#website","url":"https:\/\/abcdoinvestidor.com\/","name":"UNIVERSO ESCOLAR","description":"Ol\u00e1, bem-vindos ao mundo do conhecimento matem\u00e1tico, f\u00edsico, qu\u00edmico e muito mais. Este \u00e9 um espa\u00e7o para aprender de forma f\u00e1cil e simples.","publisher":{"@id":"https:\/\/abcdoinvestidor.com\/#organization"},"potentialAction":[{"@type":"SearchAction","target":{"@type":"EntryPoint","urlTemplate":"https:\/\/abcdoinvestidor.com\/?s={search_term_string}"},"query-input":{"@type":"PropertyValueSpecification","valueRequired":true,"valueName":"search_term_string"}}],"inLanguage":"pt-BR"},{"@type":"Organization","@id":"https:\/\/abcdoinvestidor.com\/#organization","name":"UNIVERSO ESCOLAR","url":"https:\/\/abcdoinvestidor.com\/","logo":{"@type":"ImageObject","inLanguage":"pt-BR","@id":"https:\/\/abcdoinvestidor.com\/#\/schema\/logo\/image\/","url":"","contentUrl":"","caption":"UNIVERSO ESCOLAR"},"image":{"@id":"https:\/\/abcdoinvestidor.com\/#\/schema\/logo\/image\/"},"sameAs":["https:\/\/web.facebook.com\/abcdoinvestidorb3"]}]}},"_hostinger_reach_plugin_has_subscription_block":false,"_hostinger_reach_plugin_is_elementor":false,"_links":{"self":[{"href":"https:\/\/abcdoinvestidor.com\/index.php\/wp-json\/wp\/v2\/pages\/1385","targetHints":{"allow":["GET"]}}],"collection":[{"href":"https:\/\/abcdoinvestidor.com\/index.php\/wp-json\/wp\/v2\/pages"}],"about":[{"href":"https:\/\/abcdoinvestidor.com\/index.php\/wp-json\/wp\/v2\/types\/page"}],"author":[{"embeddable":true,"href":"https:\/\/abcdoinvestidor.com\/index.php\/wp-json\/wp\/v2\/users\/1"}],"replies":[{"embeddable":true,"href":"https:\/\/abcdoinvestidor.com\/index.php\/wp-json\/wp\/v2\/comments?post=1385"}],"version-history":[{"count":7,"href":"https:\/\/abcdoinvestidor.com\/index.php\/wp-json\/wp\/v2\/pages\/1385\/revisions"}],"predecessor-version":[{"id":1395,"href":"https:\/\/abcdoinvestidor.com\/index.php\/wp-json\/wp\/v2\/pages\/1385\/revisions\/1395"}],"up":[{"embeddable":true,"href":"https:\/\/abcdoinvestidor.com\/index.php\/wp-json\/wp\/v2\/pages\/474"}],"wp:featuredmedia":[{"embeddable":true,"href":"https:\/\/abcdoinvestidor.com\/index.php\/wp-json\/wp\/v2\/media\/1377"}],"wp:attachment":[{"href":"https:\/\/abcdoinvestidor.com\/index.php\/wp-json\/wp\/v2\/media?parent=1385"}],"curies":[{"name":"wp","href":"https:\/\/api.w.org\/{rel}","templated":true}]}}