{"id":100,"date":"2023-05-28T16:59:09","date_gmt":"2023-05-28T19:59:09","guid":{"rendered":"https:\/\/abcdoinvestidor.com\/?page_id=100"},"modified":"2023-05-28T22:58:23","modified_gmt":"2023-05-29T01:58:23","slug":"contato","status":"publish","type":"page","link":"https:\/\/abcdoinvestidor.com\/index.php\/contato\/","title":{"rendered":"Fale conosco"},"content":{"rendered":"<style id=\"wpforms-css-vars-14\">\n\t\t\t\t#wpforms-14 {\n\t\t\t\t\n\t\t\t}\n\t\t\t<\/style><div class=\"wpforms-container wpforms-container-full wpforms-render-modern\" id=\"wpforms-14\"><form id=\"wpforms-form-14\" class=\"wpforms-validate wpforms-form wpforms-ajax-form\" data-formid=\"14\" method=\"post\" enctype=\"multipart\/form-data\" action=\"\/index.php\/wp-json\/wp\/v2\/pages\/100\" data-token=\"85370f895e24ab2c1bc80b9c0802c09e\" data-token-time=\"1776375741\"><div class=\"wpforms-head-container\"><div class=\"wpforms-title\">Contato<\/div><\/div><noscript class=\"wpforms-error-noscript\">Ative o JavaScript no seu navegador para preencher este formul\u00e1rio.<\/noscript><div id=\"wpforms-error-noscript\" style=\"display: none;\">Ative o JavaScript no seu navegador para preencher este formul\u00e1rio.<\/div><div class=\"wpforms-field-container\"><div id=\"wpforms-14-field_1-container\" class=\"wpforms-field wpforms-field-name\" data-field-id=\"1\"><fieldset><legend class=\"wpforms-field-label\">Nome <span class=\"wpforms-required-label\" aria-hidden=\"true\">*<\/span><\/legend><div class=\"wpforms-field-row wpforms-field-medium\"><div class=\"wpforms-field-row-block wpforms-first wpforms-one-half\"><input type=\"text\" id=\"wpforms-14-field_1\" class=\"wpforms-field-name-first wpforms-field-required\" name=\"wpforms[fields][1][first]\" aria-errormessage=\"wpforms-14-field_1-error\" required><label for=\"wpforms-14-field_1\" class=\"wpforms-field-sublabel after\">Nome<\/label><\/div><div class=\"wpforms-field-row-block wpforms-one-half\"><input type=\"text\" id=\"wpforms-14-field_1-last\" class=\"wpforms-field-name-last wpforms-field-required\" name=\"wpforms[fields][1][last]\" aria-errormessage=\"wpforms-14-field_1-last-error\" required><label for=\"wpforms-14-field_1-last\" class=\"wpforms-field-sublabel after\">Sobrenome<\/label><\/div><\/div><\/fieldset><\/div><div id=\"wpforms-14-field_2-container\" class=\"wpforms-field wpforms-field-email\" data-field-id=\"2\"><label class=\"wpforms-field-label\" for=\"wpforms-14-field_2\">Email <span class=\"wpforms-required-label\" aria-hidden=\"true\">*<\/span><\/label><input type=\"email\" id=\"wpforms-14-field_2\" class=\"wpforms-field-medium wpforms-field-required\" name=\"wpforms[fields][2]\" spellcheck=\"false\" aria-errormessage=\"wpforms-14-field_2-error\" required><\/div><div id=\"wpforms-14-field_6-container\" class=\"wpforms-field wpforms-field-number\" data-field-id=\"6\"><label class=\"wpforms-field-label\" for=\"wpforms-14-field_6\">N\u00famero (Celular)<\/label><input type=\"number\" id=\"wpforms-14-field_6\" class=\"wpforms-field-medium\" name=\"wpforms[fields][6]\" step=\"any\" aria-errormessage=\"wpforms-14-field_6-error\" ><\/div><div id=\"wpforms-14-field_4-container\" class=\"wpforms-field wpforms-field-textarea\" data-field-id=\"4\"><label class=\"wpforms-field-label\" for=\"wpforms-14-field_4\">\u00c1rea de texto<\/label><textarea id=\"wpforms-14-field_4\" class=\"wpforms-field-medium\" name=\"wpforms[fields][4]\" aria-errormessage=\"wpforms-14-field_4-error\" ><\/textarea><\/div><\/div><!-- .wpforms-field-container --><div class=\"wpforms-submit-container\" ><input type=\"hidden\" name=\"wpforms[id]\" value=\"14\"><input type=\"hidden\" name=\"page_title\" value=\"\"><input type=\"hidden\" name=\"page_url\" value=\"https:\/\/abcdoinvestidor.com\/index.php\/wp-json\/wp\/v2\/pages\/100\"><input type=\"hidden\" name=\"url_referer\" value=\"\"><button type=\"submit\" name=\"wpforms[submit]\" id=\"wpforms-submit-14\" class=\"wpforms-submit\" data-alt-text=\"Enviando...\" data-submit-text=\"Enviar\" aria-live=\"assertive\" value=\"wpforms-submit\">Enviar<\/button><img decoding=\"async\" src=\"https:\/\/abcdoinvestidor.com\/wp-content\/plugins\/wpforms-lite\/assets\/images\/submit-spin.svg\" class=\"wpforms-submit-spinner\" style=\"display: none;\" width=\"26\" height=\"26\" alt=\"Carregando\"><\/div><\/form><\/div>  <!-- .wpforms-container -->\n","protected":false},"excerpt":{"rendered":"","protected":false},"author":1,"featured_media":0,"parent":0,"menu_order":0,"comment_status":"closed","ping_status":"closed","template":"","meta":{"colormag_page_container_layout":"default_layout","colormag_page_sidebar_layout":"default_layout","footnotes":""},"class_list":["post-100","page","type-page","status-publish","hentry"],"yoast_head":"<!-- This site is optimized with the Yoast SEO plugin v27.4 - https:\/\/yoast.com\/product\/yoast-seo-wordpress\/ -->\n<title>Fale conosco - UNIVERSO ESCOLAR<\/title>\n<meta name=\"description\" content=\"Nos deixe animados com a sua contribui\u00e7\u00e3o. Nos deixe seu contato, elogios, criticas ou apenas nos informe.\" \/>\n<meta name=\"robots\" content=\"index, follow, max-snippet:-1, max-image-preview:large, max-video-preview:-1\" \/>\n<link rel=\"canonical\" href=\"https:\/\/abcdoinvestidor.com\/index.php\/contato\/\" \/>\n<meta property=\"og:locale\" content=\"pt_BR\" \/>\n<meta property=\"og:type\" content=\"article\" \/>\n<meta property=\"og:title\" content=\"Fale conosco - UNIVERSO ESCOLAR\" \/>\n<meta property=\"og:description\" content=\"Nos deixe animados com a sua contribui\u00e7\u00e3o. Nos deixe seu contato, elogios, criticas ou apenas nos informe.\" \/>\n<meta property=\"og:url\" content=\"https:\/\/abcdoinvestidor.com\/index.php\/contato\/\" \/>\n<meta property=\"og:site_name\" content=\"UNIVERSO ESCOLAR\" \/>\n<meta property=\"article:publisher\" content=\"https:\/\/web.facebook.com\/abcdoinvestidorb3\" \/>\n<meta property=\"article:modified_time\" content=\"2023-05-29T01:58:23+00:00\" \/>\n<meta name=\"twitter:card\" content=\"summary_large_image\" \/>\n<meta name=\"twitter:label1\" content=\"Est. tempo de leitura\" \/>\n\t<meta name=\"twitter:data1\" content=\"1 minuto\" \/>\n<script type=\"application\/ld+json\" class=\"yoast-schema-graph\">{\"@context\":\"https:\\\/\\\/schema.org\",\"@graph\":[{\"@type\":\"WebPage\",\"@id\":\"https:\\\/\\\/abcdoinvestidor.com\\\/index.php\\\/contato\\\/\",\"url\":\"https:\\\/\\\/abcdoinvestidor.com\\\/index.php\\\/contato\\\/\",\"name\":\"Fale conosco - UNIVERSO ESCOLAR\",\"isPartOf\":{\"@id\":\"https:\\\/\\\/abcdoinvestidor.com\\\/#website\"},\"datePublished\":\"2023-05-28T19:59:09+00:00\",\"dateModified\":\"2023-05-29T01:58:23+00:00\",\"description\":\"Nos deixe animados com a sua contribui\u00e7\u00e3o. Nos deixe seu contato, elogios, criticas ou apenas nos informe.\",\"breadcrumb\":{\"@id\":\"https:\\\/\\\/abcdoinvestidor.com\\\/index.php\\\/contato\\\/#breadcrumb\"},\"inLanguage\":\"pt-BR\",\"potentialAction\":[{\"@type\":\"ReadAction\",\"target\":[\"https:\\\/\\\/abcdoinvestidor.com\\\/index.php\\\/contato\\\/\"]}]},{\"@type\":\"BreadcrumbList\",\"@id\":\"https:\\\/\\\/abcdoinvestidor.com\\\/index.php\\\/contato\\\/#breadcrumb\",\"itemListElement\":[{\"@type\":\"ListItem\",\"position\":1,\"name\":\"In\u00edcio\",\"item\":\"https:\\\/\\\/abcdoinvestidor.com\\\/\"},{\"@type\":\"ListItem\",\"position\":2,\"name\":\"Fale conosco\"}]},{\"@type\":\"WebSite\",\"@id\":\"https:\\\/\\\/abcdoinvestidor.com\\\/#website\",\"url\":\"https:\\\/\\\/abcdoinvestidor.com\\\/\",\"name\":\"UNIVERSO ESCOLAR\",\"description\":\"Ol\u00e1, bem-vindos ao mundo do conhecimento matem\u00e1tico, f\u00edsico, qu\u00edmico e muito mais. Este \u00e9 um espa\u00e7o para aprender de forma f\u00e1cil e simples.\",\"publisher\":{\"@id\":\"https:\\\/\\\/abcdoinvestidor.com\\\/#organization\"},\"potentialAction\":[{\"@type\":\"SearchAction\",\"target\":{\"@type\":\"EntryPoint\",\"urlTemplate\":\"https:\\\/\\\/abcdoinvestidor.com\\\/?s={search_term_string}\"},\"query-input\":{\"@type\":\"PropertyValueSpecification\",\"valueRequired\":true,\"valueName\":\"search_term_string\"}}],\"inLanguage\":\"pt-BR\"},{\"@type\":\"Organization\",\"@id\":\"https:\\\/\\\/abcdoinvestidor.com\\\/#organization\",\"name\":\"UNIVERSO ESCOLAR\",\"url\":\"https:\\\/\\\/abcdoinvestidor.com\\\/\",\"logo\":{\"@type\":\"ImageObject\",\"inLanguage\":\"pt-BR\",\"@id\":\"https:\\\/\\\/abcdoinvestidor.com\\\/#\\\/schema\\\/logo\\\/image\\\/\",\"url\":\"\",\"contentUrl\":\"\",\"caption\":\"UNIVERSO ESCOLAR\"},\"image\":{\"@id\":\"https:\\\/\\\/abcdoinvestidor.com\\\/#\\\/schema\\\/logo\\\/image\\\/\"},\"sameAs\":[\"https:\\\/\\\/web.facebook.com\\\/abcdoinvestidorb3\"]}]}<\/script>\n<!-- \/ Yoast SEO plugin. -->","yoast_head_json":{"title":"Fale conosco - UNIVERSO ESCOLAR","description":"Nos deixe animados com a sua contribui\u00e7\u00e3o. Nos deixe seu contato, elogios, criticas ou apenas nos informe.","robots":{"index":"index","follow":"follow","max-snippet":"max-snippet:-1","max-image-preview":"max-image-preview:large","max-video-preview":"max-video-preview:-1"},"canonical":"https:\/\/abcdoinvestidor.com\/index.php\/contato\/","og_locale":"pt_BR","og_type":"article","og_title":"Fale conosco - UNIVERSO ESCOLAR","og_description":"Nos deixe animados com a sua contribui\u00e7\u00e3o. Nos deixe seu contato, elogios, criticas ou apenas nos informe.","og_url":"https:\/\/abcdoinvestidor.com\/index.php\/contato\/","og_site_name":"UNIVERSO ESCOLAR","article_publisher":"https:\/\/web.facebook.com\/abcdoinvestidorb3","article_modified_time":"2023-05-29T01:58:23+00:00","twitter_card":"summary_large_image","twitter_misc":{"Est. tempo de leitura":"1 minuto"},"schema":{"@context":"https:\/\/schema.org","@graph":[{"@type":"WebPage","@id":"https:\/\/abcdoinvestidor.com\/index.php\/contato\/","url":"https:\/\/abcdoinvestidor.com\/index.php\/contato\/","name":"Fale conosco - UNIVERSO ESCOLAR","isPartOf":{"@id":"https:\/\/abcdoinvestidor.com\/#website"},"datePublished":"2023-05-28T19:59:09+00:00","dateModified":"2023-05-29T01:58:23+00:00","description":"Nos deixe animados com a sua contribui\u00e7\u00e3o. Nos deixe seu contato, elogios, criticas ou apenas nos informe.","breadcrumb":{"@id":"https:\/\/abcdoinvestidor.com\/index.php\/contato\/#breadcrumb"},"inLanguage":"pt-BR","potentialAction":[{"@type":"ReadAction","target":["https:\/\/abcdoinvestidor.com\/index.php\/contato\/"]}]},{"@type":"BreadcrumbList","@id":"https:\/\/abcdoinvestidor.com\/index.php\/contato\/#breadcrumb","itemListElement":[{"@type":"ListItem","position":1,"name":"In\u00edcio","item":"https:\/\/abcdoinvestidor.com\/"},{"@type":"ListItem","position":2,"name":"Fale conosco"}]},{"@type":"WebSite","@id":"https:\/\/abcdoinvestidor.com\/#website","url":"https:\/\/abcdoinvestidor.com\/","name":"UNIVERSO ESCOLAR","description":"Ol\u00e1, bem-vindos ao mundo do conhecimento matem\u00e1tico, f\u00edsico, qu\u00edmico e muito mais. Este \u00e9 um espa\u00e7o para aprender de forma f\u00e1cil e simples.","publisher":{"@id":"https:\/\/abcdoinvestidor.com\/#organization"},"potentialAction":[{"@type":"SearchAction","target":{"@type":"EntryPoint","urlTemplate":"https:\/\/abcdoinvestidor.com\/?s={search_term_string}"},"query-input":{"@type":"PropertyValueSpecification","valueRequired":true,"valueName":"search_term_string"}}],"inLanguage":"pt-BR"},{"@type":"Organization","@id":"https:\/\/abcdoinvestidor.com\/#organization","name":"UNIVERSO ESCOLAR","url":"https:\/\/abcdoinvestidor.com\/","logo":{"@type":"ImageObject","inLanguage":"pt-BR","@id":"https:\/\/abcdoinvestidor.com\/#\/schema\/logo\/image\/","url":"","contentUrl":"","caption":"UNIVERSO ESCOLAR"},"image":{"@id":"https:\/\/abcdoinvestidor.com\/#\/schema\/logo\/image\/"},"sameAs":["https:\/\/web.facebook.com\/abcdoinvestidorb3"]}]}},"_hostinger_reach_plugin_has_subscription_block":false,"_hostinger_reach_plugin_is_elementor":false,"_links":{"self":[{"href":"https:\/\/abcdoinvestidor.com\/index.php\/wp-json\/wp\/v2\/pages\/100","targetHints":{"allow":["GET"]}}],"collection":[{"href":"https:\/\/abcdoinvestidor.com\/index.php\/wp-json\/wp\/v2\/pages"}],"about":[{"href":"https:\/\/abcdoinvestidor.com\/index.php\/wp-json\/wp\/v2\/types\/page"}],"author":[{"embeddable":true,"href":"https:\/\/abcdoinvestidor.com\/index.php\/wp-json\/wp\/v2\/users\/1"}],"replies":[{"embeddable":true,"href":"https:\/\/abcdoinvestidor.com\/index.php\/wp-json\/wp\/v2\/comments?post=100"}],"version-history":[{"count":6,"href":"https:\/\/abcdoinvestidor.com\/index.php\/wp-json\/wp\/v2\/pages\/100\/revisions"}],"predecessor-version":[{"id":170,"href":"https:\/\/abcdoinvestidor.com\/index.php\/wp-json\/wp\/v2\/pages\/100\/revisions\/170"}],"wp:attachment":[{"href":"https:\/\/abcdoinvestidor.com\/index.php\/wp-json\/wp\/v2\/media?parent=100"}],"curies":[{"name":"wp","href":"https:\/\/api.w.org\/{rel}","templated":true}]}}